{"id":8989,"date":"2026-02-02T09:05:54","date_gmt":"2026-02-02T08:05:54","guid":{"rendered":"https:\/\/planetpsy.de\/shop\/?post_type=product&#038;p=8989"},"modified":"2026-05-06T12:11:48","modified_gmt":"2026-05-06T10:11:48","slug":"webinar-ki-neurodiversitaet-wenn-technik-erleichtert","status":"publish","type":"product","link":"https:\/\/planetpsy.de\/shop\/produkt\/webinar-ki-neurodiversitaet-wenn-technik-erleichtert\/","title":{"rendered":"<span style=\"color: #0075a2;\">KI &#038; Neurodiversit\u00e4t \u2013 Wenn Technik erleichtert<\/span>"},"content":{"rendered":"<p><span style=\"color: #bababa;\">Live-Webinar<\/span><\/p>\n<h2><strong>Praktische KI-Tools, die Menschen mit besonderen Denk- und Wahrnehmungsstilen st\u00e4rken<\/strong><\/h2>\n<div>\n<div><strong>KI er\u00f6ffnet neurodiversen Menschen eine neue Chance<\/strong>: endlich Werkzeuge, die sich ihnen anpassen \u2013 nicht umgekehrt. Als Lernpartner, Alltagsassistent, praktisch in der Hosentasche und auf individuelle Bed\u00fcrfnisse angepasst.<br \/>\nDieses Webinar mit <a href=\"https:\/\/planetpsy.de\/blog\/referent_innen\/patrick-perrone\/\" target=\"_blank\" rel=\"noopener\"><strong>Patrick Perrone<\/strong><\/a> ist Teil der Reihe <a href=\"https:\/\/planetpsy.de\/live-webinare\/webinar-reihe-ki-in-der-psychosozialen-beratung\/\" target=\"_blank\" rel=\"noopener\">\u201eKI in der psychosozialen Beratung\u201c<\/a> und zeigt, <strong>wie digitale KI-Assistenten Struktur geben k\u00f6nnen<\/strong>, ohne einzuengen, wie sie <strong>Kommunikation erleichtern<\/strong>, ohne zu bevormunden, und wie sie <strong>Orientierung schaffen<\/strong>, wenn die Welt zu laut, zu schnell oder zu chaotisch wirkt \u2013 f\u00fcr neurodiverse Menschen ebenso wie f\u00fcr Fachkr\u00e4fte, die sie begleiten. Besonders f\u00fcr Menschen im <strong>Autismus-Spektrum<\/strong>, mit ADHS, <strong>Hochsensibilit\u00e4t<\/strong> oder anderen besonderen Denk- und Wahrnehmungsstilen er\u00f6ffnet KI neue Wege: als <strong>geduldiger Trainingspartner<\/strong>, um <strong>soziale Situationen zu \u00fcben<\/strong>, <strong>Sicherheit zu gewinnen<\/strong> und <strong>Unterst\u00fctzung<\/strong> endlich wirklich passgenau zu gestalten.<\/div>\n<\/div>\n<p>&nbsp;<\/p>\n<h2>Schwerpunkte<\/h2>\n<ul>\n<li>Wie KI neurodiverse Menschen im Alltag\u00a0<strong>konkret entlasten<\/strong>\u00a0kann<\/li>\n<li><strong>KI als sozialer Trainingspartner<\/strong>: sichere \u00dcbungsr\u00e4ume f\u00fcr Kommunikation<\/li>\n<li><strong>Aktuelle Entwicklungen &amp; Tools:<\/strong>\u00a0Was heute bereits funktioniert<\/li>\n<li><strong>Handlungssicherheit f\u00fcr Fachkr\u00e4fte<\/strong>: Chancen nutzen, Stolpersteine vermeiden<\/li>\n<\/ul>\n<p>&nbsp;<\/p>\n<h2><strong>Zielgruppe<\/strong><\/h2>\n<div>Berater:innen, Coaches, Fachkr\u00e4fte aus sozialer Arbeit, Psychotherapie und P\u00e4dagogik<\/div>\n<div><\/div>\n","protected":false},"excerpt":{"rendered":"<div>In diesem Webinar zeigt Patrick Perrone, wie KI neurodiverse Menschen \u2013 etwa Personen im Autismus-Spektrum, mit ADHS oder Hochsensibilit\u00e4t \u2013 im Alltag entlasten kann, indem sie Struktur gibt, Kommunikation erleichtert und sichere \u00dcbungsr\u00e4ume f\u00fcr soziale Situationen bietet. Die Teilnehmenden erhalten praxisnahe Einblicke in aktuelle Tools, konkrete Anwendungsm\u00f6glichkeiten und Hinweise, wie Fachkr\u00e4fte Chancen verantwortungsvoll nutzen und typische Stolpersteine vermeiden.<\/div>\n","protected":false},"featured_media":9041,"template":"","meta":{"site-sidebar-layout":"default","site-content-layout":"","ast-site-content-layout":"default","site-content-style":"default","site-sidebar-style":"default","ast-global-header-display":"","ast-banner-title-visibility":"","ast-main-header-display":"","ast-hfb-above-header-display":"","ast-hfb-below-header-display":"","ast-hfb-mobile-header-display":"","site-post-title":"","ast-breadcrumbs-content":"","ast-featured-img":"","footer-sml-layout":"","ast-disable-related-posts":"","theme-transparent-header-meta":"default","adv-header-id-meta":"","stick-header-meta":"default","header-above-stick-meta":"","header-main-stick-meta":"","header-below-stick-meta":"","astra-migrate-meta-layouts":"set","ast-page-background-enabled":"default","ast-page-background-meta":{"desktop":{"background-color":"","background-image":"","background-repeat":"repeat","background-position":"center center","background-size":"auto","background-attachment":"scroll","background-type":"","background-media":"","overlay-type":"","overlay-color":"","overlay-opacity":"","overlay-gradient":""},"tablet":{"background-color":"","background-image":"","background-repeat":"repeat","background-position":"center center","background-size":"auto","background-attachment":"scroll","background-type":"","background-media":"","overlay-type":"","overlay-color":"","overlay-opacity":"","overlay-gradient":""},"mobile":{"background-color":"","background-image":"","background-repeat":"repeat","background-position":"center center","background-size":"auto","background-attachment":"scroll","background-type":"","background-media":"","overlay-type":"","overlay-color":"","overlay-opacity":"","overlay-gradient":""}},"ast-content-background-meta":{"desktop":{"background-color":"var(--ast-global-color-5)","background-image":"","background-repeat":"repeat","background-position":"center center","background-size":"auto","background-attachment":"scroll","background-type":"","background-media":"","overlay-type":"","overlay-color":"","overlay-opacity":"","overlay-gradient":""},"tablet":{"background-color":"var(--ast-global-color-5)","background-image":"","background-repeat":"repeat","background-position":"center center","background-size":"auto","background-attachment":"scroll","background-type":"","background-media":"","overlay-type":"","overlay-color":"","overlay-opacity":"","overlay-gradient":""},"mobile":{"background-color":"var(--ast-global-color-5)","background-image":"","background-repeat":"repeat","background-position":"center center","background-size":"auto","background-attachment":"scroll","background-type":"","background-media":"","overlay-type":"","overlay-color":"","overlay-opacity":"","overlay-gradient":""}},"footnotes":""},"product_brand":[],"product_cat":[322],"product_tag":[378,372,373,379,335,357,356,340],"class_list":{"0":"post-8989","1":"product","2":"type-product","3":"status-publish","4":"has-post-thumbnail","6":"product_cat-live-webinare","7":"product_tag-autismus","8":"product_tag-beratung","9":"product_tag-coaching","10":"product_tag-hochsensibilitaet","11":"product_tag-ki","12":"product_tag-neurodivergenz","13":"product_tag-neurodiversitaet","14":"product_tag-therapie","15":"desktop-align-left","16":"tablet-align-left","17":"mobile-align-left","19":"first","20":"instock","21":"virtual","22":"taxable","23":"purchasable","24":"product-type-simple"},"_links":{"self":[{"href":"https:\/\/planetpsy.de\/shop\/wp-json\/wp\/v2\/product\/8989","targetHints":{"allow":["GET"]}}],"collection":[{"href":"https:\/\/planetpsy.de\/shop\/wp-json\/wp\/v2\/product"}],"about":[{"href":"https:\/\/planetpsy.de\/shop\/wp-json\/wp\/v2\/types\/product"}],"version-history":[{"count":9,"href":"https:\/\/planetpsy.de\/shop\/wp-json\/wp\/v2\/product\/8989\/revisions"}],"predecessor-version":[{"id":9681,"href":"https:\/\/planetpsy.de\/shop\/wp-json\/wp\/v2\/product\/8989\/revisions\/9681"}],"wp:featuredmedia":[{"embeddable":true,"href":"https:\/\/planetpsy.de\/shop\/wp-json\/wp\/v2\/media\/9041"}],"wp:attachment":[{"href":"https:\/\/planetpsy.de\/shop\/wp-json\/wp\/v2\/media?parent=8989"}],"wp:term":[{"taxonomy":"product_brand","embeddable":true,"href":"https:\/\/planetpsy.de\/shop\/wp-json\/wp\/v2\/product_brand?post=8989"},{"taxonomy":"product_cat","embeddable":true,"href":"https:\/\/planetpsy.de\/shop\/wp-json\/wp\/v2\/product_cat?post=8989"},{"taxonomy":"product_tag","embeddable":true,"href":"https:\/\/planetpsy.de\/shop\/wp-json\/wp\/v2\/product_tag?post=8989"}],"curies":[{"name":"wp","href":"https:\/\/api.w.org\/{rel}","templated":true}]}}