{"id":8987,"date":"2026-02-02T09:05:54","date_gmt":"2026-02-02T08:05:54","guid":{"rendered":"https:\/\/planetpsy.de\/shop\/?post_type=product&#038;p=8987"},"modified":"2026-05-06T12:11:58","modified_gmt":"2026-05-06T10:11:58","slug":"webinar-innere-leere-verstehen-und-professionell-begleiten","status":"publish","type":"product","link":"https:\/\/planetpsy.de\/shop\/produkt\/webinar-innere-leere-verstehen-und-professionell-begleiten\/","title":{"rendered":"<span style=\"color: #0075a2;\">Innere Leere verstehen und professionell begleiten<\/span>"},"content":{"rendered":"<p><span style=\"color: #bababa;\">Live-Webinar<\/span><\/p>\n<h2>Ans\u00e4tze aus Therapie und Beratung<\/h2>\n<div>\n<div>Leere ist ein universelles Gef\u00fchl \u2013 manchmal wohltuend, oft jedoch schmerzhaft und l\u00e4hmend. <strong>Wenn N\u00e4he fehlt<\/strong>, wenn wir geh\u00f6rt werden wollen und \u00fcbert\u00f6nt werden, entstehen Erfahrungen, die unser Inneres pr\u00e4gen: die Leere. Aufbauend auf jahrzehntelanger therapeutischer Praxis und Forschung vermittelt <strong><a href=\"https:\/\/planetpsy.de\/blog\/referent_innen\/dr-udo-baer\/\" target=\"_blank\" rel=\"noopener\">Dr. Udo Baer<\/a><\/strong> \u2013 Diplom-P\u00e4dagoge, Therapeut und renommierter Fachbuchautor \u2013 in diesem Webinar ein tiefes Verst\u00e4ndnis der unterschiedlichen <strong>Facetten der Leere<\/strong>. Er zeigt, wie sie zwischen Menschen entsteht, sich zu einer inneren Leere verdichten kann und <strong>welche professionellen Wege helfen, diese Leerstellen zu \u00fcberwinden<\/strong>.<\/div>\n<\/div>\n<p>&nbsp;<\/p>\n<div><\/div>\n<div><\/div>\n<h2>Schwerpunkte<\/h2>\n<ul>\n<li>Die psychologischen und sozialen Ursachen von Leere<\/li>\n<li>Wie Leere-Erfahrungen unser Selbstbild und unsere Beziehungen beeinflussen<\/li>\n<li>Konkrete Impulse und Methoden, um innere Leerstellen zu f\u00fcllen und ein erf\u00fclltes Leben zu gestalten<\/li>\n<\/ul>\n<p>&nbsp;<\/p>\n<h2><strong>Zielgruppe<\/strong><\/h2>\n<p>Psychotherapeut:innen, Psycholog:innen, Berater:innen und alle Fachpersonen, die Menschen in Krisen begleiten und ihnen helfen wollen, die Leere zu \u00fcberwinden.<\/p>\n<div><\/div>\n","protected":false},"excerpt":{"rendered":"<div>In diesem Webinar vermittelt Dr. Udo Baer ein tiefes Verst\u00e4ndnis daf\u00fcr, wie innere Leere entsteht, wie sie Beziehungen und Selbstbild beeinflusst und welche professionellen Wege helfen, diese schmerzhaften Erfahrungen zu \u00fcberwinden. Die Teilnehmenden erhalten konkrete Impulse und Methoden, um Menschen in Krisen wirksam dabei zu unterst\u00fctzen, innere Leerstellen zu f\u00fcllen und mehr Lebensenergie zur\u00fcckzugewinnen.<\/div>\n","protected":false},"featured_media":9036,"template":"","meta":{"site-sidebar-layout":"default","site-content-layout":"","ast-site-content-layout":"default","site-content-style":"default","site-sidebar-style":"default","ast-global-header-display":"","ast-banner-title-visibility":"","ast-main-header-display":"","ast-hfb-above-header-display":"","ast-hfb-below-header-display":"","ast-hfb-mobile-header-display":"","site-post-title":"","ast-breadcrumbs-content":"","ast-featured-img":"","footer-sml-layout":"","ast-disable-related-posts":"","theme-transparent-header-meta":"default","adv-header-id-meta":"","stick-header-meta":"default","header-above-stick-meta":"","header-main-stick-meta":"","header-below-stick-meta":"","astra-migrate-meta-layouts":"set","ast-page-background-enabled":"default","ast-page-background-meta":{"desktop":{"background-color":"","background-image":"","background-repeat":"repeat","background-position":"center center","background-size":"auto","background-attachment":"scroll","background-type":"","background-media":"","overlay-type":"","overlay-color":"","overlay-opacity":"","overlay-gradient":""},"tablet":{"background-color":"","background-image":"","background-repeat":"repeat","background-position":"center center","background-size":"auto","background-attachment":"scroll","background-type":"","background-media":"","overlay-type":"","overlay-color":"","overlay-opacity":"","overlay-gradient":""},"mobile":{"background-color":"","background-image":"","background-repeat":"repeat","background-position":"center center","background-size":"auto","background-attachment":"scroll","background-type":"","background-media":"","overlay-type":"","overlay-color":"","overlay-opacity":"","overlay-gradient":""}},"ast-content-background-meta":{"desktop":{"background-color":"var(--ast-global-color-5)","background-image":"","background-repeat":"repeat","background-position":"center center","background-size":"auto","background-attachment":"scroll","background-type":"","background-media":"","overlay-type":"","overlay-color":"","overlay-opacity":"","overlay-gradient":""},"tablet":{"background-color":"var(--ast-global-color-5)","background-image":"","background-repeat":"repeat","background-position":"center center","background-size":"auto","background-attachment":"scroll","background-type":"","background-media":"","overlay-type":"","overlay-color":"","overlay-opacity":"","overlay-gradient":""},"mobile":{"background-color":"var(--ast-global-color-5)","background-image":"","background-repeat":"repeat","background-position":"center center","background-size":"auto","background-attachment":"scroll","background-type":"","background-media":"","overlay-type":"","overlay-color":"","overlay-opacity":"","overlay-gradient":""}},"footnotes":""},"product_brand":[],"product_cat":[322],"product_tag":[366,364,362,361,363,365],"class_list":{"0":"post-8987","1":"product","2":"type-product","3":"status-publish","4":"has-post-thumbnail","6":"product_cat-live-webinare","7":"product_tag-beziehungen","8":"product_tag-distanz","9":"product_tag-einsamkeit","10":"product_tag-leere","11":"product_tag-naehe","12":"product_tag-selbstbild","13":"desktop-align-left","14":"tablet-align-left","15":"mobile-align-left","17":"first","18":"instock","19":"virtual","20":"taxable","21":"purchasable","22":"product-type-simple"},"_links":{"self":[{"href":"https:\/\/planetpsy.de\/shop\/wp-json\/wp\/v2\/product\/8987","targetHints":{"allow":["GET"]}}],"collection":[{"href":"https:\/\/planetpsy.de\/shop\/wp-json\/wp\/v2\/product"}],"about":[{"href":"https:\/\/planetpsy.de\/shop\/wp-json\/wp\/v2\/types\/product"}],"version-history":[{"count":13,"href":"https:\/\/planetpsy.de\/shop\/wp-json\/wp\/v2\/product\/8987\/revisions"}],"predecessor-version":[{"id":9682,"href":"https:\/\/planetpsy.de\/shop\/wp-json\/wp\/v2\/product\/8987\/revisions\/9682"}],"wp:featuredmedia":[{"embeddable":true,"href":"https:\/\/planetpsy.de\/shop\/wp-json\/wp\/v2\/media\/9036"}],"wp:attachment":[{"href":"https:\/\/planetpsy.de\/shop\/wp-json\/wp\/v2\/media?parent=8987"}],"wp:term":[{"taxonomy":"product_brand","embeddable":true,"href":"https:\/\/planetpsy.de\/shop\/wp-json\/wp\/v2\/product_brand?post=8987"},{"taxonomy":"product_cat","embeddable":true,"href":"https:\/\/planetpsy.de\/shop\/wp-json\/wp\/v2\/product_cat?post=8987"},{"taxonomy":"product_tag","embeddable":true,"href":"https:\/\/planetpsy.de\/shop\/wp-json\/wp\/v2\/product_tag?post=8987"}],"curies":[{"name":"wp","href":"https:\/\/api.w.org\/{rel}","templated":true}]}}