{"id":8986,"date":"2026-02-02T09:05:54","date_gmt":"2026-02-02T08:05:54","guid":{"rendered":"https:\/\/planetpsy.de\/shop\/?post_type=product&#038;p=8986"},"modified":"2026-05-06T12:12:05","modified_gmt":"2026-05-06T10:12:05","slug":"webinar-hochbelastete-kinder-und-jugendliche-professionell-begleiten","status":"publish","type":"product","link":"https:\/\/planetpsy.de\/shop\/produkt\/webinar-hochbelastete-kinder-und-jugendliche-professionell-begleiten\/","title":{"rendered":"<span style=\"color: #0075a2;\">Hochbelastete Kinder und Jugendliche professionell begleiten<\/span>"},"content":{"rendered":"<p><span style=\"color: #bababa;\">Live-Webinar<\/span><\/p>\n<h2>Strategien f\u00fcr Therapie, Beratung und P\u00e4dagogik<\/h2>\n<div>Kinder, die als <strong>\u201eProblemkinder\u201c <\/strong>gelten, stellen Fachkr\u00e4fte in Betreuung und Therapie vor komplexe Herausforderungen. Zwischen <strong>R\u00fcckzug<\/strong>, <strong>Selbstsch\u00e4digung<\/strong> und<strong> aggressivem Verhalten<\/strong> bewegen sich Muster, die nicht nur schwer auszuhalten, sondern auch schwer zu ver\u00e4ndern sind. Dennoch sind dies <strong>Kinder, die wir nicht verlieren d\u00fcrfen<\/strong>. In diesem praxisorientierten Webinar zeigt <a href=\"https:\/\/planetpsy.de\/blog\/referent_innen\/dr-udo-baer\/\" target=\"_blank\" rel=\"noopener\"><strong>Dr. Udo Baer<\/strong><\/a> \u2013 Diplom-P\u00e4dagoge, Therapeut und renommierter Fachbuchautor \u2013<strong> fundierte Ans\u00e4tze<\/strong>, um hochbelastete Kinder besser zu verstehen und ihnen durch neue <strong>Beziehungserfahrungen<\/strong> nachhaltige <strong>Entwicklungsm\u00f6glichkeiten<\/strong> zu er\u00f6ffnen.<\/div>\n<p>&nbsp;<\/p>\n<div><\/div>\n<div><\/div>\n<h2>Schwerpunkte<\/h2>\n<ul>\n<li>Psychologische Hintergr\u00fcnde hochbelasteter Kinder<\/li>\n<li>Was diese Kinder wirklich brauchen: Pr\u00e4senz, Spiegelung und Rahmensetzung<\/li>\n<li>Praktische Ans\u00e4tze f\u00fcr Fachkr\u00e4fte im Umgang mit schwierigen Verhaltensweisen<\/li>\n<\/ul>\n<p>&nbsp;<\/p>\n<h2><strong>Zielgruppe<\/strong><\/h2>\n<p>Fachpersonen aus Psychologie, Psychotherapie, P\u00e4dagogik und Jugendhilfe, die mit belasteten Kindern arbeiten \u2013 von Therapeut:innen \u00fcber Schulpsycholog:innen bis hin zu Pflege- und Adoptiveltern.<\/p>\n<div><\/div>\n","protected":false},"excerpt":{"rendered":"<p>In diesem praxisnahen Webinar zeigt Dr. Udo Baer, wie Fachkr\u00e4fte hochbelastete Kinder und Jugendliche besser verstehen und durch Pr\u00e4senz, Spiegelung und klare Rahmensetzung wirksam unterst\u00fctzen k\u00f6nnen. Anhand fundierter psychologischer Hintergr\u00fcnde und konkreter Methoden erhalten Teilnehmende Strategien f\u00fcr den professionellen Umgang mit R\u00fcckzug, Selbstsch\u00e4digung und herausfordernden Verhaltensmustern.<\/p>\n","protected":false},"featured_media":9036,"template":"","meta":{"site-sidebar-layout":"default","site-content-layout":"","ast-site-content-layout":"default","site-content-style":"default","site-sidebar-style":"default","ast-global-header-display":"","ast-banner-title-visibility":"","ast-main-header-display":"","ast-hfb-above-header-display":"","ast-hfb-below-header-display":"","ast-hfb-mobile-header-display":"","site-post-title":"","ast-breadcrumbs-content":"","ast-featured-img":"","footer-sml-layout":"","ast-disable-related-posts":"","theme-transparent-header-meta":"default","adv-header-id-meta":"","stick-header-meta":"default","header-above-stick-meta":"","header-main-stick-meta":"","header-below-stick-meta":"","astra-migrate-meta-layouts":"set","ast-page-background-enabled":"default","ast-page-background-meta":{"desktop":{"background-color":"","background-image":"","background-repeat":"repeat","background-position":"center center","background-size":"auto","background-attachment":"scroll","background-type":"","background-media":"","overlay-type":"","overlay-color":"","overlay-opacity":"","overlay-gradient":""},"tablet":{"background-color":"","background-image":"","background-repeat":"repeat","background-position":"center center","background-size":"auto","background-attachment":"scroll","background-type":"","background-media":"","overlay-type":"","overlay-color":"","overlay-opacity":"","overlay-gradient":""},"mobile":{"background-color":"","background-image":"","background-repeat":"repeat","background-position":"center center","background-size":"auto","background-attachment":"scroll","background-type":"","background-media":"","overlay-type":"","overlay-color":"","overlay-opacity":"","overlay-gradient":""}},"ast-content-background-meta":{"desktop":{"background-color":"var(--ast-global-color-5)","background-image":"","background-repeat":"repeat","background-position":"center center","background-size":"auto","background-attachment":"scroll","background-type":"","background-media":"","overlay-type":"","overlay-color":"","overlay-opacity":"","overlay-gradient":""},"tablet":{"background-color":"var(--ast-global-color-5)","background-image":"","background-repeat":"repeat","background-position":"center center","background-size":"auto","background-attachment":"scroll","background-type":"","background-media":"","overlay-type":"","overlay-color":"","overlay-opacity":"","overlay-gradient":""},"mobile":{"background-color":"var(--ast-global-color-5)","background-image":"","background-repeat":"repeat","background-position":"center center","background-size":"auto","background-attachment":"scroll","background-type":"","background-media":"","overlay-type":"","overlay-color":"","overlay-opacity":"","overlay-gradient":""}},"footnotes":""},"product_brand":[],"product_cat":[322],"product_tag":[368,358,369],"class_list":{"0":"post-8986","1":"product","2":"type-product","3":"status-publish","4":"has-post-thumbnail","6":"product_cat-live-webinare","7":"product_tag-hochbelastung","8":"product_tag-kinder-und-jugendliche","9":"product_tag-problemkinder","10":"desktop-align-left","11":"tablet-align-left","12":"mobile-align-left","14":"first","15":"instock","16":"virtual","17":"taxable","18":"purchasable","19":"product-type-simple"},"_links":{"self":[{"href":"https:\/\/planetpsy.de\/shop\/wp-json\/wp\/v2\/product\/8986","targetHints":{"allow":["GET"]}}],"collection":[{"href":"https:\/\/planetpsy.de\/shop\/wp-json\/wp\/v2\/product"}],"about":[{"href":"https:\/\/planetpsy.de\/shop\/wp-json\/wp\/v2\/types\/product"}],"version-history":[{"count":8,"href":"https:\/\/planetpsy.de\/shop\/wp-json\/wp\/v2\/product\/8986\/revisions"}],"predecessor-version":[{"id":9683,"href":"https:\/\/planetpsy.de\/shop\/wp-json\/wp\/v2\/product\/8986\/revisions\/9683"}],"wp:featuredmedia":[{"embeddable":true,"href":"https:\/\/planetpsy.de\/shop\/wp-json\/wp\/v2\/media\/9036"}],"wp:attachment":[{"href":"https:\/\/planetpsy.de\/shop\/wp-json\/wp\/v2\/media?parent=8986"}],"wp:term":[{"taxonomy":"product_brand","embeddable":true,"href":"https:\/\/planetpsy.de\/shop\/wp-json\/wp\/v2\/product_brand?post=8986"},{"taxonomy":"product_cat","embeddable":true,"href":"https:\/\/planetpsy.de\/shop\/wp-json\/wp\/v2\/product_cat?post=8986"},{"taxonomy":"product_tag","embeddable":true,"href":"https:\/\/planetpsy.de\/shop\/wp-json\/wp\/v2\/product_tag?post=8986"}],"curies":[{"name":"wp","href":"https:\/\/api.w.org\/{rel}","templated":true}]}}