{"id":8983,"date":"2026-02-02T09:05:54","date_gmt":"2026-02-02T08:05:54","guid":{"rendered":"https:\/\/planetpsy.de\/shop\/?post_type=product&#038;p=8983"},"modified":"2026-05-06T12:12:13","modified_gmt":"2026-05-06T10:12:13","slug":"webinar-digitale-helfer-oder-beziehungspartner","status":"publish","type":"product","link":"https:\/\/planetpsy.de\/shop\/produkt\/webinar-digitale-helfer-oder-beziehungspartner\/","title":{"rendered":"<span style=\"color: #0075a2;\">Digitale Helfer oder Beziehungspartner?<\/style>"},"content":{"rendered":"<p><span style=\"color: #bababa;\">Live-Webinar<\/span><\/p>\n<h2><strong>Was KI in Beratung und Coaching leisten kann \u2013 und wo ihre Grenzen liegen<\/strong><\/h2>\n<div>\n<div><strong>Sprachmodelle<\/strong> sind zweifellos beeindruckend. Sie k\u00f6nnen rechnen, analysieren und mit erstaunlicher Pr\u00e4zision menschliche Kommunikation nachahmen. Bekannterma\u00dfen denken sie nicht selbst, sie erleben nichts, empfinden nichts und handeln nicht aus eigener \u00dcberzeugung. Sie<strong> imitieren menschliche Kommunikation<\/strong>. Die Grenze zwischen menschlicher und maschineller Kommunikation verschwimmt zusehends und es stellt sich die Frage: <strong>Was genau macht eine Beziehung aus, wenn der Gespr\u00e4chspartner aus Codes besteht?<\/strong> Und wie k\u00f6nnen Fachkr\u00e4fte souver\u00e4n mit dieser neuen Dynamik umgehen? \u2013 Ein Webinar mit <a href=\"https:\/\/planetpsy.de\/blog\/referent_innen\/birgit-knatz\/\" target=\"_blank\" rel=\"noopener\"><strong>Birgit Knatz<\/strong><\/a>, Teil der Reihe <a href=\"https:\/\/planetpsy.de\/live-webinare\/webinar-reihe-ki-in-der-psychosozialen-beratung\/\" target=\"_blank\" rel=\"noopener\">\u201eKI in der psychosozialen Beratung\u201c.<\/a><\/div>\n<\/div>\n<p>&nbsp;<\/p>\n<h2>Schwerpunkte<\/h2>\n<ul>\n<li><strong>\u00dcberblick gewinnen<\/strong>: Welche Arten von KI-Bots es gibt \u2013 und wie sie in Beratung und Coaching eingesetzt werden k\u00f6nnen<\/li>\n<li><strong>Grenzen erkennen<\/strong>: Warum KI im zwischenmenschlichen Kontext an ihre fachlichen und ethischen Limits st\u00f6\u00dft<\/li>\n<li><strong>Verantwortungsvoll handeln<\/strong>: Wie Fachkr\u00e4fte KI reflektiert, sicher und professionell nutzen k\u00f6nnen<\/li>\n<li><strong>Beziehung im Blick<\/strong>: Wie sich Technologie, Verantwortung und Beziehungsarbeit sinnvoll miteinander verbinden lassen<\/li>\n<\/ul>\n<p>&nbsp;<\/p>\n<h2><strong>Zielgruppe<\/strong><\/h2>\n<div>Berater:innen, Coaches, Fachkr\u00e4fte aus sozialer Arbeit, Psychotherapie und P\u00e4dagogik<\/div>\n<div><\/div>\n","protected":false},"excerpt":{"rendered":"<div>In diesem Webinar beleuchtet Birgit Knatz, wo KI-Tools in Beratung und Coaching echte Unterst\u00fctzung bieten \u2013 und wo sie fachlich wie ethisch un\u00fcberwindbare Grenzen haben. Die Teilnehmenden lernen, wie KI sinnvoll und verantwortungsvoll eingesetzt werden kann, ohne die zentrale Bedeutung menschlicher Beziehung, Empathie und professioneller Haltung aus dem Blick zu verlieren.<\/div>\n","protected":false},"featured_media":9039,"template":"","meta":{"site-sidebar-layout":"default","site-content-layout":"","ast-site-content-layout":"default","site-content-style":"default","site-sidebar-style":"default","ast-global-header-display":"","ast-banner-title-visibility":"","ast-main-header-display":"","ast-hfb-above-header-display":"","ast-hfb-below-header-display":"","ast-hfb-mobile-header-display":"","site-post-title":"","ast-breadcrumbs-content":"","ast-featured-img":"","footer-sml-layout":"","ast-disable-related-posts":"","theme-transparent-header-meta":"default","adv-header-id-meta":"","stick-header-meta":"default","header-above-stick-meta":"","header-main-stick-meta":"","header-below-stick-meta":"","astra-migrate-meta-layouts":"set","ast-page-background-enabled":"default","ast-page-background-meta":{"desktop":{"background-color":"","background-image":"","background-repeat":"repeat","background-position":"center center","background-size":"auto","background-attachment":"scroll","background-type":"","background-media":"","overlay-type":"","overlay-color":"","overlay-opacity":"","overlay-gradient":""},"tablet":{"background-color":"","background-image":"","background-repeat":"repeat","background-position":"center center","background-size":"auto","background-attachment":"scroll","background-type":"","background-media":"","overlay-type":"","overlay-color":"","overlay-opacity":"","overlay-gradient":""},"mobile":{"background-color":"","background-image":"","background-repeat":"repeat","background-position":"center center","background-size":"auto","background-attachment":"scroll","background-type":"","background-media":"","overlay-type":"","overlay-color":"","overlay-opacity":"","overlay-gradient":""}},"ast-content-background-meta":{"desktop":{"background-color":"var(--ast-global-color-5)","background-image":"","background-repeat":"repeat","background-position":"center center","background-size":"auto","background-attachment":"scroll","background-type":"","background-media":"","overlay-type":"","overlay-color":"","overlay-opacity":"","overlay-gradient":""},"tablet":{"background-color":"var(--ast-global-color-5)","background-image":"","background-repeat":"repeat","background-position":"center center","background-size":"auto","background-attachment":"scroll","background-type":"","background-media":"","overlay-type":"","overlay-color":"","overlay-opacity":"","overlay-gradient":""},"mobile":{"background-color":"var(--ast-global-color-5)","background-image":"","background-repeat":"repeat","background-position":"center center","background-size":"auto","background-attachment":"scroll","background-type":"","background-media":"","overlay-type":"","overlay-color":"","overlay-opacity":"","overlay-gradient":""}},"footnotes":""},"product_brand":[],"product_cat":[322],"product_tag":[372,373,335,381,340],"class_list":{"0":"post-8983","1":"product","2":"type-product","3":"status-publish","4":"has-post-thumbnail","6":"product_cat-live-webinare","7":"product_tag-beratung","8":"product_tag-coaching","9":"product_tag-ki","10":"product_tag-ki-in-coaching-und-beratung","11":"product_tag-therapie","12":"desktop-align-left","13":"tablet-align-left","14":"mobile-align-left","16":"first","17":"instock","18":"virtual","19":"taxable","20":"purchasable","21":"product-type-simple"},"_links":{"self":[{"href":"https:\/\/planetpsy.de\/shop\/wp-json\/wp\/v2\/product\/8983","targetHints":{"allow":["GET"]}}],"collection":[{"href":"https:\/\/planetpsy.de\/shop\/wp-json\/wp\/v2\/product"}],"about":[{"href":"https:\/\/planetpsy.de\/shop\/wp-json\/wp\/v2\/types\/product"}],"version-history":[{"count":8,"href":"https:\/\/planetpsy.de\/shop\/wp-json\/wp\/v2\/product\/8983\/revisions"}],"predecessor-version":[{"id":9684,"href":"https:\/\/planetpsy.de\/shop\/wp-json\/wp\/v2\/product\/8983\/revisions\/9684"}],"wp:featuredmedia":[{"embeddable":true,"href":"https:\/\/planetpsy.de\/shop\/wp-json\/wp\/v2\/media\/9039"}],"wp:attachment":[{"href":"https:\/\/planetpsy.de\/shop\/wp-json\/wp\/v2\/media?parent=8983"}],"wp:term":[{"taxonomy":"product_brand","embeddable":true,"href":"https:\/\/planetpsy.de\/shop\/wp-json\/wp\/v2\/product_brand?post=8983"},{"taxonomy":"product_cat","embeddable":true,"href":"https:\/\/planetpsy.de\/shop\/wp-json\/wp\/v2\/product_cat?post=8983"},{"taxonomy":"product_tag","embeddable":true,"href":"https:\/\/planetpsy.de\/shop\/wp-json\/wp\/v2\/product_tag?post=8983"}],"curies":[{"name":"wp","href":"https:\/\/api.w.org\/{rel}","templated":true}]}}