{"id":8982,"date":"2026-02-02T09:05:54","date_gmt":"2026-02-02T08:05:54","guid":{"rendered":"https:\/\/planetpsy.de\/shop\/?post_type=product&#038;p=8982"},"modified":"2026-05-06T12:12:21","modified_gmt":"2026-05-06T10:12:21","slug":"webinar-angehoerige-professionell-begleiten-praxiswissen-fuer-fachkraefte-in-der-suchtarbeit","status":"publish","type":"product","link":"https:\/\/planetpsy.de\/shop\/produkt\/webinar-angehoerige-professionell-begleiten-praxiswissen-fuer-fachkraefte-in-der-suchtarbeit\/","title":{"rendered":"<span style=\"color: #0075a2;\">Angeh\u00f6rige professionell begleiten \u2013 Praxiswissen f\u00fcr Fachkr\u00e4fte in der Suchtarbeit<\/span>"},"content":{"rendered":"<div>\n<div><span style=\"color: #bababa;\">Live-Webinar<\/span><\/div>\n<div>Angeh\u00f6rige von Menschen mit Suchterkrankungen sind h\u00e4ufig stark belastet \u2013 emotional, sozial und strukturell. In der professionellen Arbeit mit suchtkranken Menschen stellt sich daher oft die Frage: <strong>Wie k\u00f6nnen wir auch das Umfeld sinnvoll einbeziehen, ohne es zu \u00fcberfordern? <\/strong>In diesem Webinar gibt <a href=\"https:\/\/planetpsy.de\/blog\/referent_innen\/dr-till-roderigo\/\" target=\"_blank\" rel=\"noopener\"><strong>Dr. Till Roderigo<\/strong><\/a>, Psychotherapeut und Autor des Buches \u201eAn der Seite der Sucht\u201c, <strong>praxisnahe Einblicke<\/strong> in die <strong>systemische Perspektive auf Sucht<\/strong> und <strong>Angeh\u00f6rigenarbeit<\/strong>.<\/div>\n<\/div>\n<p>&nbsp;<\/p>\n<h2>Schwerpunkte<\/h2>\n<ol>\n<li><strong>Und was ist eigentlich mit mir?<\/strong>\u00a0Wie wirken sich Suchterkrankungen auf das Familiensystem aus? Welche Dynamiken entstehen \u2013 und wie k\u00f6nnen Fachpersonen diese erkennen und nutzen?<\/li>\n<li><strong>Im Off, am Rand oder im Fokus?<\/strong>\u00a0Auf welche Art und Weise kommen Angeh\u00f6rige von Suchterkrankten in unseren Behandlungen vor? Welche Aufgaben ergeben sich, je nach Setting?<\/li>\n<li><strong>Die Rolle der Angeh\u00f6rigen professionell begleiten.<\/strong>\u00a0Zwischen Co-Abh\u00e4ngigkeit, \u00dcberforderung und Ressourcen: Wie k\u00f6nnen Fachkr\u00e4fte Angeh\u00f6rige st\u00e4rken, mit und ohne Therapie?<\/li>\n<\/ol>\n<p>&nbsp;<\/p>\n<h2><strong>Zielgruppe<\/strong><\/h2>\n<div>\n<p>Psychotherapeut:innen, Sozialarbeiter:innen, Berater:innen und Coaches, Fachkr\u00e4fte in Kliniken, Beratungsstellen und Suchthilfeeinrichtungen<\/p>\n<\/div>\n<div><\/div>\n","protected":false},"excerpt":{"rendered":"<p>In diesem Webinar vermittelt Dr. Till Roderigo praxisnah, wie Fachkr\u00e4fte Angeh\u00f6rige von Menschen mit Suchterkrankungen systemisch, professionell und entlastend einbeziehen k\u00f6nnen \u2013 ohne sie zu \u00fcberfordern. Dabei werden typische Familiendynamiken, Rollen, Belastungen und Ressourcen beleuchtet und konkrete Wege aufgezeigt, Angeh\u00f6rige zwischen Co?Abh\u00e4ngigkeit, \u00dcberforderung und St\u00e4rke wirksam zu unterst\u00fctzen.<\/p>\n","protected":false},"featured_media":9042,"template":"","meta":{"site-sidebar-layout":"default","site-content-layout":"","ast-site-content-layout":"default","site-content-style":"default","site-sidebar-style":"default","ast-global-header-display":"","ast-banner-title-visibility":"","ast-main-header-display":"","ast-hfb-above-header-display":"","ast-hfb-below-header-display":"","ast-hfb-mobile-header-display":"","site-post-title":"","ast-breadcrumbs-content":"","ast-featured-img":"","footer-sml-layout":"","ast-disable-related-posts":"","theme-transparent-header-meta":"default","adv-header-id-meta":"","stick-header-meta":"default","header-above-stick-meta":"","header-main-stick-meta":"","header-below-stick-meta":"","astra-migrate-meta-layouts":"set","ast-page-background-enabled":"default","ast-page-background-meta":{"desktop":{"background-color":"","background-image":"","background-repeat":"repeat","background-position":"center center","background-size":"auto","background-attachment":"scroll","background-type":"","background-media":"","overlay-type":"","overlay-color":"","overlay-opacity":"","overlay-gradient":""},"tablet":{"background-color":"","background-image":"","background-repeat":"repeat","background-position":"center center","background-size":"auto","background-attachment":"scroll","background-type":"","background-media":"","overlay-type":"","overlay-color":"","overlay-opacity":"","overlay-gradient":""},"mobile":{"background-color":"","background-image":"","background-repeat":"repeat","background-position":"center center","background-size":"auto","background-attachment":"scroll","background-type":"","background-media":"","overlay-type":"","overlay-color":"","overlay-opacity":"","overlay-gradient":""}},"ast-content-background-meta":{"desktop":{"background-color":"var(--ast-global-color-5)","background-image":"","background-repeat":"repeat","background-position":"center center","background-size":"auto","background-attachment":"scroll","background-type":"","background-media":"","overlay-type":"","overlay-color":"","overlay-opacity":"","overlay-gradient":""},"tablet":{"background-color":"var(--ast-global-color-5)","background-image":"","background-repeat":"repeat","background-position":"center center","background-size":"auto","background-attachment":"scroll","background-type":"","background-media":"","overlay-type":"","overlay-color":"","overlay-opacity":"","overlay-gradient":""},"mobile":{"background-color":"var(--ast-global-color-5)","background-image":"","background-repeat":"repeat","background-position":"center center","background-size":"auto","background-attachment":"scroll","background-type":"","background-media":"","overlay-type":"","overlay-color":"","overlay-opacity":"","overlay-gradient":""}},"footnotes":""},"product_brand":[],"product_cat":[322],"product_tag":[385,386,384],"class_list":{"0":"post-8982","1":"product","2":"type-product","3":"status-publish","4":"has-post-thumbnail","6":"product_cat-live-webinare","7":"product_tag-angehoerige-suchterkrankter","8":"product_tag-angehoerigenarbeit","9":"product_tag-sucht","10":"desktop-align-left","11":"tablet-align-left","12":"mobile-align-left","14":"first","15":"instock","16":"virtual","17":"taxable","18":"purchasable","19":"product-type-simple"},"_links":{"self":[{"href":"https:\/\/planetpsy.de\/shop\/wp-json\/wp\/v2\/product\/8982","targetHints":{"allow":["GET"]}}],"collection":[{"href":"https:\/\/planetpsy.de\/shop\/wp-json\/wp\/v2\/product"}],"about":[{"href":"https:\/\/planetpsy.de\/shop\/wp-json\/wp\/v2\/types\/product"}],"version-history":[{"count":7,"href":"https:\/\/planetpsy.de\/shop\/wp-json\/wp\/v2\/product\/8982\/revisions"}],"predecessor-version":[{"id":9685,"href":"https:\/\/planetpsy.de\/shop\/wp-json\/wp\/v2\/product\/8982\/revisions\/9685"}],"wp:featuredmedia":[{"embeddable":true,"href":"https:\/\/planetpsy.de\/shop\/wp-json\/wp\/v2\/media\/9042"}],"wp:attachment":[{"href":"https:\/\/planetpsy.de\/shop\/wp-json\/wp\/v2\/media?parent=8982"}],"wp:term":[{"taxonomy":"product_brand","embeddable":true,"href":"https:\/\/planetpsy.de\/shop\/wp-json\/wp\/v2\/product_brand?post=8982"},{"taxonomy":"product_cat","embeddable":true,"href":"https:\/\/planetpsy.de\/shop\/wp-json\/wp\/v2\/product_cat?post=8982"},{"taxonomy":"product_tag","embeddable":true,"href":"https:\/\/planetpsy.de\/shop\/wp-json\/wp\/v2\/product_tag?post=8982"}],"curies":[{"name":"wp","href":"https:\/\/api.w.org\/{rel}","templated":true}]}}