{"id":8972,"date":"2026-01-29T14:26:30","date_gmt":"2026-01-29T13:26:30","guid":{"rendered":"https:\/\/planetpsy.de\/shop\/?post_type=product&#038;p=8972"},"modified":"2026-05-06T14:36:42","modified_gmt":"2026-05-06T12:36:42","slug":"kongresspaket-paartherapie","status":"publish","type":"product","link":"https:\/\/planetpsy.de\/shop\/produkt\/kongresspaket-paartherapie\/","title":{"rendered":"<span style=\"color: #0075a2;\">Paartherapie (2023)<\/span>"},"content":{"rendered":"<p><span style=\"color: #bababa;\">Kongresspaket<\/span><\/p>\n<h2>Alle Beitr\u00e4ge des Onlinekongresses \u201ePaartherapie\u201c (2023)<\/h2>\n<p><strong style=\"font-size: 16px;\">Beziehungen verstehen \u2013 Paare st\u00e4rken: <\/strong>Erhalten Sie<span style=\"font-size: 16px;\"> einen einzigartigen Einblick in die Arbeit f\u00fchrender Paar-, Sexual- und Familientherapeut:innen. In zahlreichen Interviews erhalten Sie praxisnahe Perspektiven auf die Themen, die Paarbeziehungen pr\u00e4gen: von N\u00e4he und Distanz \u00fcber Aff\u00e4ren und Grenzverletzungen bis hin zu Sexualit\u00e4t, Bindungsmustern und der Rolle biografischer Pr\u00e4gungen.\u00a0<\/span><\/p>\n<div>\n<p>Sie lernen unterschiedliche therapeutische Ans\u00e4tze kennen \u2013 darunter <strong>systemische und familientherapeutische Methoden, emotionsfokussierte Paartherapie, psychoanalytische Zug\u00e4nge, Mentalisieren in der Paartherapie, Kommunikationstraining sowie k\u00f6rper- und erlebnisorientierte Interventionen<\/strong>. Die Expert:innen zeigen, wie vielseitig Paartherapie sein kann und wie individuell Paare begleitet werden, damit sie Konflikte kl\u00e4ren, Bed\u00fcrfnisse verstehen und neue Wege im Miteinander finden.<\/p>\n<p>Das <a href=\"https:\/\/planetpsy.de\/paartherapie\/programm\/\" target=\"_blank\" rel=\"noopener\"><strong>Programm<\/strong><\/a> umfasst u. a.:<\/p>\n<ul>\n<li><strong>Systemische Paartherapie<\/strong> \u2013 ein facettenreicher Blick auf Dynamiken, Fremdgehen und Beziehungsrealit\u00e4t (Prof. Dr. Ulrich Clement)<\/li>\n<li><strong>Intime Themen professionell begleiten<\/strong> \u2013 Sexualit\u00e4t verstehen und ansprechbar machen (Dr. med. Melanie B\u00fcttner &amp; Lea Holzfurtner)<\/li>\n<li><strong>Ich-Grenzen st\u00e4rken<\/strong> \u2013 warum Grenzen Voraussetzung f\u00fcr gelingende Beziehungen sind (Dr. med. Klaus Blaser).<\/li>\n<li><strong>N\u00e4he &amp; Distanz balancieren<\/strong> \u2013 wie Paare sich nicht verlieren und dennoch Freiheit leben (Thomas Pr\u00fcnte)<\/li>\n<\/ul>\n<p><span style=\"font-size: 16px;\">Ideal f\u00fcr alle, die sich den Zugriff auf die Inhalte dauerhaft sichern m\u00f6chten!<\/span><\/p>\n<p><strong>Ein<\/strong><strong> Kongress f\u00fcr alle, die Paare professionell begleiten oder Beziehungsdynamiken auf einer neuen Ebene verstehen wollen \u2013 fundiert, inspirierend und voller praktischer Impulse.<\/strong><\/p>\n<\/div>\n<div>\n<p>&nbsp;<\/p>\n<\/div>\n<div><\/div>\n","protected":false},"excerpt":{"rendered":"<p>Erhalten Sie<span style=\"font-size: 16px;\"> einen einzigartigen Einblick in die Arbeit f\u00fchrender Paar-, Sexual- und Familientherapeut:innen. In zahlreichen Interviews erhalten Sie praxisnahe Perspektiven auf die Themen, die Paarbeziehungen pr\u00e4gen: von N\u00e4he und Distanz \u00fcber Aff\u00e4ren und Grenzverletzungen bis hin zu Sexualit\u00e4t, Bindungsmustern und der Rolle biografischer Pr\u00e4gungen.\u00a0<\/span><\/p>\n","protected":false},"featured_media":9110,"template":"","meta":{"site-sidebar-layout":"default","site-content-layout":"","ast-site-content-layout":"default","site-content-style":"default","site-sidebar-style":"default","ast-global-header-display":"","ast-banner-title-visibility":"","ast-main-header-display":"","ast-hfb-above-header-display":"","ast-hfb-below-header-display":"","ast-hfb-mobile-header-display":"","site-post-title":"","ast-breadcrumbs-content":"","ast-featured-img":"","footer-sml-layout":"","ast-disable-related-posts":"","theme-transparent-header-meta":"default","adv-header-id-meta":"","stick-header-meta":"default","header-above-stick-meta":"","header-main-stick-meta":"","header-below-stick-meta":"","astra-migrate-meta-layouts":"set","ast-page-background-enabled":"default","ast-page-background-meta":{"desktop":{"background-color":"","background-image":"","background-repeat":"repeat","background-position":"center center","background-size":"auto","background-attachment":"scroll","background-type":"","background-media":"","overlay-type":"","overlay-color":"","overlay-opacity":"","overlay-gradient":""},"tablet":{"background-color":"","background-image":"","background-repeat":"repeat","background-position":"center center","background-size":"auto","background-attachment":"scroll","background-type":"","background-media":"","overlay-type":"","overlay-color":"","overlay-opacity":"","overlay-gradient":""},"mobile":{"background-color":"","background-image":"","background-repeat":"repeat","background-position":"center center","background-size":"auto","background-attachment":"scroll","background-type":"","background-media":"","overlay-type":"","overlay-color":"","overlay-opacity":"","overlay-gradient":""}},"ast-content-background-meta":{"desktop":{"background-color":"var(--ast-global-color-5)","background-image":"","background-repeat":"repeat","background-position":"center center","background-size":"auto","background-attachment":"scroll","background-type":"","background-media":"","overlay-type":"","overlay-color":"","overlay-opacity":"","overlay-gradient":""},"tablet":{"background-color":"var(--ast-global-color-5)","background-image":"","background-repeat":"repeat","background-position":"center center","background-size":"auto","background-attachment":"scroll","background-type":"","background-media":"","overlay-type":"","overlay-color":"","overlay-opacity":"","overlay-gradient":""},"mobile":{"background-color":"var(--ast-global-color-5)","background-image":"","background-repeat":"repeat","background-position":"center center","background-size":"auto","background-attachment":"scroll","background-type":"","background-media":"","overlay-type":"","overlay-color":"","overlay-opacity":"","overlay-gradient":""}},"footnotes":""},"product_brand":[],"product_cat":[317],"product_tag":[415,416,414],"class_list":{"0":"post-8972","1":"product","2":"type-product","3":"status-publish","4":"has-post-thumbnail","6":"product_cat-kongresspakete","7":"product_tag-paarberatung","8":"product_tag-paarcoaching","9":"product_tag-paartherapie","10":"desktop-align-left","11":"tablet-align-left","12":"mobile-align-left","14":"first","15":"instock","16":"virtual","17":"taxable","18":"purchasable","19":"product-type-simple"},"_links":{"self":[{"href":"https:\/\/planetpsy.de\/shop\/wp-json\/wp\/v2\/product\/8972","targetHints":{"allow":["GET"]}}],"collection":[{"href":"https:\/\/planetpsy.de\/shop\/wp-json\/wp\/v2\/product"}],"about":[{"href":"https:\/\/planetpsy.de\/shop\/wp-json\/wp\/v2\/types\/product"}],"version-history":[{"count":10,"href":"https:\/\/planetpsy.de\/shop\/wp-json\/wp\/v2\/product\/8972\/revisions"}],"predecessor-version":[{"id":9689,"href":"https:\/\/planetpsy.de\/shop\/wp-json\/wp\/v2\/product\/8972\/revisions\/9689"}],"wp:featuredmedia":[{"embeddable":true,"href":"https:\/\/planetpsy.de\/shop\/wp-json\/wp\/v2\/media\/9110"}],"wp:attachment":[{"href":"https:\/\/planetpsy.de\/shop\/wp-json\/wp\/v2\/media?parent=8972"}],"wp:term":[{"taxonomy":"product_brand","embeddable":true,"href":"https:\/\/planetpsy.de\/shop\/wp-json\/wp\/v2\/product_brand?post=8972"},{"taxonomy":"product_cat","embeddable":true,"href":"https:\/\/planetpsy.de\/shop\/wp-json\/wp\/v2\/product_cat?post=8972"},{"taxonomy":"product_tag","embeddable":true,"href":"https:\/\/planetpsy.de\/shop\/wp-json\/wp\/v2\/product_tag?post=8972"}],"curies":[{"name":"wp","href":"https:\/\/api.w.org\/{rel}","templated":true}]}}