{"id":8971,"date":"2026-01-29T14:26:30","date_gmt":"2026-01-29T13:26:30","guid":{"rendered":"https:\/\/planetpsy.de\/shop\/?post_type=product&#038;p=8971"},"modified":"2026-05-08T08:30:33","modified_gmt":"2026-05-08T06:30:33","slug":"kongresspaket-gewaltfreie-kommunikation-2026","status":"publish","type":"product","link":"https:\/\/planetpsy.de\/shop\/produkt\/kongresspaket-gewaltfreie-kommunikation-2026\/","title":{"rendered":"<span style=\"color: #0075a2;\">Gewaltfreie Kommunikation (2026)<\/span>"},"content":{"rendered":"<p><span style=\"color: #bababa;\">Kongresspaket<\/span><\/p>\n<h2>Alle Beitr\u00e4ge des Onlinekongresses \u201eGewaltfreie Kommunikation\u201c (2026)<\/h2>\n<p class=\"cvGsUA direction-ltr align-start para-style-body\"><span class=\"a_GcMg font-feature-liga-off font-feature-clig-off font-feature-calt-off text-decoration-none text-strikethrough-none\">Erleben Sie f\u00fchrende Expert:innen der GFK pers\u00f6nlich und praxisnah. Entdecken Sie neue Wege, Konflikte einf\u00fchlsamer zu l\u00f6sen: beruflich wie privat. F\u00fcr mehr Verbindung, Klarheit und Verst\u00e4ndnis \u2013 mit Herz und Haltung. <\/span><span class=\"a_GcMg font-feature-liga-off font-feature-clig-off font-feature-calt-off text-decoration-none text-strikethrough-none\">Ob Einsteiger:in oder erfahren \u2013 diese Kongressbeitr\u00e4ge bieten Ihnen wertvolle Impulse, sofort umsetzbares Wissen und viele Aha-Momente.<\/span><\/p>\n<p>U. a. mit Beitr\u00e4gen von Al Weckert, Vera Heim, Annett Zupke, Anja Palitza und Olaf Hartke. Weitere Infos zum <strong>Programm<\/strong> <span style=\"font-size: 16px;\">finden Sie <\/span><a href=\"https:\/\/planetpsy.de\/gfk-kongress-2026\/programm\/\" target=\"_blank\" rel=\"noopener\"><strong><em>hier<\/em><\/strong><\/a><span style=\"font-size: 16px;\">.<\/span><\/p>\n<p><span style=\"font-size: 16px;\">Das Kongresspaket ist ideal f\u00fcr alle, die sich den Zugriff auf die Inhalte dauerhaft sichern m\u00f6chten!<\/span><\/p>\n<div><\/div>\n","protected":false},"excerpt":{"rendered":"<p>Entdecken Sie neue Wege, Konflikte einf\u00fchlsamer zu l\u00f6sen: beruflich wie privat. F\u00fcr mehr Verbindung, Klarheit und Verst\u00e4ndnis \u2013 mit Herz und Haltung. U. a. mit Beitr\u00e4gen von Al Weckert, Vera Heim, Annett Zupke, Anja Palitza und Olaf Hartke.<\/p>\n","protected":false},"featured_media":9101,"template":"","meta":{"site-sidebar-layout":"default","site-content-layout":"","ast-site-content-layout":"default","site-content-style":"default","site-sidebar-style":"default","ast-global-header-display":"","ast-banner-title-visibility":"","ast-main-header-display":"","ast-hfb-above-header-display":"","ast-hfb-below-header-display":"","ast-hfb-mobile-header-display":"","site-post-title":"","ast-breadcrumbs-content":"","ast-featured-img":"","footer-sml-layout":"","ast-disable-related-posts":"","theme-transparent-header-meta":"default","adv-header-id-meta":"","stick-header-meta":"default","header-above-stick-meta":"","header-main-stick-meta":"","header-below-stick-meta":"","astra-migrate-meta-layouts":"set","ast-page-background-enabled":"default","ast-page-background-meta":{"desktop":{"background-color":"","background-image":"","background-repeat":"repeat","background-position":"center center","background-size":"auto","background-attachment":"scroll","background-type":"","background-media":"","overlay-type":"","overlay-color":"","overlay-opacity":"","overlay-gradient":""},"tablet":{"background-color":"","background-image":"","background-repeat":"repeat","background-position":"center center","background-size":"auto","background-attachment":"scroll","background-type":"","background-media":"","overlay-type":"","overlay-color":"","overlay-opacity":"","overlay-gradient":""},"mobile":{"background-color":"","background-image":"","background-repeat":"repeat","background-position":"center center","background-size":"auto","background-attachment":"scroll","background-type":"","background-media":"","overlay-type":"","overlay-color":"","overlay-opacity":"","overlay-gradient":""}},"ast-content-background-meta":{"desktop":{"background-color":"var(--ast-global-color-5)","background-image":"","background-repeat":"repeat","background-position":"center center","background-size":"auto","background-attachment":"scroll","background-type":"","background-media":"","overlay-type":"","overlay-color":"","overlay-opacity":"","overlay-gradient":""},"tablet":{"background-color":"var(--ast-global-color-5)","background-image":"","background-repeat":"repeat","background-position":"center center","background-size":"auto","background-attachment":"scroll","background-type":"","background-media":"","overlay-type":"","overlay-color":"","overlay-opacity":"","overlay-gradient":""},"mobile":{"background-color":"var(--ast-global-color-5)","background-image":"","background-repeat":"repeat","background-position":"center center","background-size":"auto","background-attachment":"scroll","background-type":"","background-media":"","overlay-type":"","overlay-color":"","overlay-opacity":"","overlay-gradient":""}},"footnotes":""},"product_brand":[],"product_cat":[317],"product_tag":[395,394],"class_list":{"0":"post-8971","1":"product","2":"type-product","3":"status-publish","4":"has-post-thumbnail","6":"product_cat-kongresspakete","7":"product_tag-gewaltfreie-kommunikation","8":"product_tag-gfk","9":"desktop-align-left","10":"tablet-align-left","11":"mobile-align-left","13":"first","14":"instock","15":"virtual","16":"taxable","17":"purchasable","18":"product-type-simple"},"_links":{"self":[{"href":"https:\/\/planetpsy.de\/shop\/wp-json\/wp\/v2\/product\/8971","targetHints":{"allow":["GET"]}}],"collection":[{"href":"https:\/\/planetpsy.de\/shop\/wp-json\/wp\/v2\/product"}],"about":[{"href":"https:\/\/planetpsy.de\/shop\/wp-json\/wp\/v2\/types\/product"}],"version-history":[{"count":13,"href":"https:\/\/planetpsy.de\/shop\/wp-json\/wp\/v2\/product\/8971\/revisions"}],"predecessor-version":[{"id":9692,"href":"https:\/\/planetpsy.de\/shop\/wp-json\/wp\/v2\/product\/8971\/revisions\/9692"}],"wp:featuredmedia":[{"embeddable":true,"href":"https:\/\/planetpsy.de\/shop\/wp-json\/wp\/v2\/media\/9101"}],"wp:attachment":[{"href":"https:\/\/planetpsy.de\/shop\/wp-json\/wp\/v2\/media?parent=8971"}],"wp:term":[{"taxonomy":"product_brand","embeddable":true,"href":"https:\/\/planetpsy.de\/shop\/wp-json\/wp\/v2\/product_brand?post=8971"},{"taxonomy":"product_cat","embeddable":true,"href":"https:\/\/planetpsy.de\/shop\/wp-json\/wp\/v2\/product_cat?post=8971"},{"taxonomy":"product_tag","embeddable":true,"href":"https:\/\/planetpsy.de\/shop\/wp-json\/wp\/v2\/product_tag?post=8971"}],"curies":[{"name":"wp","href":"https:\/\/api.w.org\/{rel}","templated":true}]}}