{"id":8970,"date":"2026-01-29T14:26:30","date_gmt":"2026-01-29T13:26:30","guid":{"rendered":"https:\/\/planetpsy.de\/shop\/?post_type=product&#038;p=8970"},"modified":"2026-05-06T14:36:34","modified_gmt":"2026-05-06T12:36:34","slug":"kongresspaket-den-tod-ins-leben-einladen","status":"publish","type":"product","link":"https:\/\/planetpsy.de\/shop\/produkt\/kongresspaket-den-tod-ins-leben-einladen\/","title":{"rendered":"<span style=\"color: #0075a2;\">Den Tod ins Leben einladen (2023)<\/span>"},"content":{"rendered":"<p><span style=\"color: #bababa;\">Kongresspaket<\/span><\/p>\n<h2>Alle Beitr\u00e4ge des Onlinekongresses \u201eDen Tod ins Leben einladen\u201c (2023)<\/h2>\n<p><span style=\"font-size: 16px;\">Begeben Sie sich in einen gesch\u00fctzten Raum, um sich mit den oft tabuisierten Themen <\/span><strong style=\"font-size: 16px;\">Sterben, Tod, Abschied und Trauer<\/strong><span style=\"font-size: 16px;\"> auseinanderzusetzen. In diesem Kongresspaket geben Pionier:innen der Lebenskunst und lebendigen Abschiedskultur wertvolle Einblicke in ihre Arbeit, teilen pers\u00f6nliche Erfahrungen und zeigen auf, wie ein achtsamer Umgang mit Endlichkeit mehr Gelassenheit und innere Klarheit ins Leben bringen kann.<\/span><\/p>\n<div>\n<p>In den vielf\u00e4ltigen Interviews lernen Sie, wie Menschen beruflich und pers\u00f6nlich mit Trauer, Abschied und \u00dcberg\u00e4ngen arbeiten:<\/p>\n<ul>\n<li><strong>Achtsam die eigene Endlichkeit betrachten<\/strong> und sich auf das Wesentliche im Leben ausrichten (R\u00fcdiger Standhardt)<\/li>\n<li><strong>Ganzheitliche Abschieds- und Vorsorgeplanung<\/strong> f\u00fcr sich und die (Wahl?)Familie verstehen (B\u00e4rbel Amels)<\/li>\n<li><strong>Trauer als Integrationsprozess<\/strong> begreifen \u2013 in all ihren alten, neuen und \u00fcberraschenden Facetten (Christine Kempkes)<\/li>\n<li><strong>Spirituelle Perspektiven auf den Tod<\/strong> kennenlernen \u2013 aus der Sicht einer erfahrenen Bestatterin (Susanne Jung)<\/li>\n<li><strong>Gemeinschaft als st\u00e4rkende Ressource<\/strong> im Angesicht des Todes entdecken (Anne Kriesel)<\/li>\n<li><strong>Neue Wege des Abschieds<\/strong> und eine zeitgem\u00e4\u00dfe Kultur des Sterbens erkunden (David Roth)<\/li>\n<\/ul>\n<p><span style=\"font-size: 16px;\">Ideal f\u00fcr alle, die sich den Zugriff auf die Inhalte dauerhaft sichern m\u00f6chten!<\/span><\/p>\n<p><strong>Ein Kongress, der Mut macht, Ber\u00fchrung zul\u00e4sst und das Leben in seiner ganzen Tiefe zeigt. <\/strong>\u2013 Weitere Infos zum <strong><a href=\"https:\/\/planetpsy.de\/den-tod-ins-leben-einladen\/programm\/\" target=\"_blank\" rel=\"noopener\">Programm<\/a><\/strong> finden Sie <a href=\"https:\/\/planetpsy.de\/den-tod-ins-leben-einladen\/programm\/\" target=\"_blank\" rel=\"noopener\">hier<\/a>.<\/p>\n<p>&nbsp;<\/p>\n<\/div>\n","protected":false},"excerpt":{"rendered":"<p>Hier geben Pionier:innen der Lebenskunst und lebendigen Abschiedskultur wertvolle Einblicke in ihre Arbeit, teilen pers\u00f6nliche Erfahrungen und zeigen auf, wie ein achtsamer Umgang mit Endlichkeit mehr Gelassenheit und innere Klarheit ins Leben bringen kann.<\/p>\n","protected":false},"featured_media":9113,"template":"","meta":{"site-sidebar-layout":"default","site-content-layout":"","ast-site-content-layout":"default","site-content-style":"default","site-sidebar-style":"default","ast-global-header-display":"","ast-banner-title-visibility":"","ast-main-header-display":"","ast-hfb-above-header-display":"","ast-hfb-below-header-display":"","ast-hfb-mobile-header-display":"","site-post-title":"","ast-breadcrumbs-content":"","ast-featured-img":"","footer-sml-layout":"","ast-disable-related-posts":"","theme-transparent-header-meta":"default","adv-header-id-meta":"","stick-header-meta":"default","header-above-stick-meta":"","header-main-stick-meta":"","header-below-stick-meta":"","astra-migrate-meta-layouts":"set","ast-page-background-enabled":"default","ast-page-background-meta":{"desktop":{"background-color":"","background-image":"","background-repeat":"repeat","background-position":"center center","background-size":"auto","background-attachment":"scroll","background-type":"","background-media":"","overlay-type":"","overlay-color":"","overlay-opacity":"","overlay-gradient":""},"tablet":{"background-color":"","background-image":"","background-repeat":"repeat","background-position":"center center","background-size":"auto","background-attachment":"scroll","background-type":"","background-media":"","overlay-type":"","overlay-color":"","overlay-opacity":"","overlay-gradient":""},"mobile":{"background-color":"","background-image":"","background-repeat":"repeat","background-position":"center center","background-size":"auto","background-attachment":"scroll","background-type":"","background-media":"","overlay-type":"","overlay-color":"","overlay-opacity":"","overlay-gradient":""}},"ast-content-background-meta":{"desktop":{"background-color":"var(--ast-global-color-5)","background-image":"","background-repeat":"repeat","background-position":"center center","background-size":"auto","background-attachment":"scroll","background-type":"","background-media":"","overlay-type":"","overlay-color":"","overlay-opacity":"","overlay-gradient":""},"tablet":{"background-color":"var(--ast-global-color-5)","background-image":"","background-repeat":"repeat","background-position":"center center","background-size":"auto","background-attachment":"scroll","background-type":"","background-media":"","overlay-type":"","overlay-color":"","overlay-opacity":"","overlay-gradient":""},"mobile":{"background-color":"var(--ast-global-color-5)","background-image":"","background-repeat":"repeat","background-position":"center center","background-size":"auto","background-attachment":"scroll","background-type":"","background-media":"","overlay-type":"","overlay-color":"","overlay-opacity":"","overlay-gradient":""}},"footnotes":""},"product_brand":[],"product_cat":[317],"product_tag":[372,373,400,401,399],"class_list":{"0":"post-8970","1":"product","2":"type-product","3":"status-publish","4":"has-post-thumbnail","6":"product_cat-kongresspakete","7":"product_tag-beratung","8":"product_tag-coaching","9":"product_tag-leben","10":"product_tag-sterben","11":"product_tag-tod","12":"desktop-align-left","13":"tablet-align-left","14":"mobile-align-left","16":"first","17":"instock","18":"virtual","19":"taxable","20":"purchasable","21":"product-type-simple"},"_links":{"self":[{"href":"https:\/\/planetpsy.de\/shop\/wp-json\/wp\/v2\/product\/8970","targetHints":{"allow":["GET"]}}],"collection":[{"href":"https:\/\/planetpsy.de\/shop\/wp-json\/wp\/v2\/product"}],"about":[{"href":"https:\/\/planetpsy.de\/shop\/wp-json\/wp\/v2\/types\/product"}],"version-history":[{"count":8,"href":"https:\/\/planetpsy.de\/shop\/wp-json\/wp\/v2\/product\/8970\/revisions"}],"predecessor-version":[{"id":9690,"href":"https:\/\/planetpsy.de\/shop\/wp-json\/wp\/v2\/product\/8970\/revisions\/9690"}],"wp:featuredmedia":[{"embeddable":true,"href":"https:\/\/planetpsy.de\/shop\/wp-json\/wp\/v2\/media\/9113"}],"wp:attachment":[{"href":"https:\/\/planetpsy.de\/shop\/wp-json\/wp\/v2\/media?parent=8970"}],"wp:term":[{"taxonomy":"product_brand","embeddable":true,"href":"https:\/\/planetpsy.de\/shop\/wp-json\/wp\/v2\/product_brand?post=8970"},{"taxonomy":"product_cat","embeddable":true,"href":"https:\/\/planetpsy.de\/shop\/wp-json\/wp\/v2\/product_cat?post=8970"},{"taxonomy":"product_tag","embeddable":true,"href":"https:\/\/planetpsy.de\/shop\/wp-json\/wp\/v2\/product_tag?post=8970"}],"curies":[{"name":"wp","href":"https:\/\/api.w.org\/{rel}","templated":true}]}}