{"id":8950,"date":"2026-01-19T12:20:18","date_gmt":"2026-01-19T11:20:18","guid":{"rendered":"https:\/\/planetpsy.de\/shop\/?post_type=product&#038;p=8950"},"modified":"2026-05-06T12:18:27","modified_gmt":"2026-05-06T10:18:27","slug":"kongresspaket-gewaltfreie-kommunikation","status":"publish","type":"product","link":"https:\/\/planetpsy.de\/shop\/produkt\/kongresspaket-gewaltfreie-kommunikation\/","title":{"rendered":"<span style=\"color: #0075a2;\">Gewaltfreie Kommunikation (2021)<\/span>"},"content":{"rendered":"<p><span style=\"color: #bababa;\">Kongresspaket<\/span><\/p>\n<h2>Alle Beitr\u00e4ge des Onlinekongresses \u201eGewaltfreie Kommunikation\u201c (2021)<\/h2>\n<div><strong>Gewaltfreie Kommunikation verstehen \u2013 Verbindung schaffen:<\/strong> Entdecken Sie die gesamte Bandbreite der Gewaltfreien Kommunikation von den Grundlagen bis zu fortgeschrittenen Anwendungsfeldern. Erfahren Sie, wie GFK in Partnerschaft, Familie, Erziehung, im beruflichen Umfeld, in Schulen, Kitas, Krankenh\u00e4usern sowie in gesellschaftlichen und politischen Kontexten wirksam eingesetzt werden kann.<\/div>\n<div>Die Referent:innen vermitteln praxisnahe Impulse, neue Perspektiven und eine \u201eSprache des Herzens\u201c, die dazu beitr\u00e4gt, Konflikte friedlich zu l\u00f6sen, Beziehungen zu st\u00e4rken und Kommunikation wertsch\u00e4tzender zu gestalten. Sie erfahren, warum GFK nicht darauf abzielt, andere zu beeinflussen, sondern echte Kooperation, Empathie und Verst\u00e4ndigung erm\u00f6glicht \u2013 selbst (oder gerade) in herausfordernden Zeiten.<\/div>\n<p>&nbsp;<\/p>\n<div>Im <a href=\"https:\/\/planetpsy.de\/gfk-kongress\/programm\/\" target=\"_blank\" rel=\"noopener\"><strong>Programm<\/strong> <\/a>erwarten Sie u.a.:<\/div>\n<ul>\n<li><strong>Selbstberuhigung &amp; Familienalltag<\/strong> \u2013 wie innere Anteile, Polyvagal-Theorie und GFK zusammenwirken, um emotionalen Stress im Umgang mit Kindern zu reduzieren (Dr. Britta Hahn)<\/li>\n<li><strong>Wertsch\u00e4tzende Kommunikation in Organisationen<\/strong> \u2013 warum Wertsch\u00e4tzung mehr ist als \u201enett sein\u201c und wie GFK Teamkultur, F\u00fchrung und Zusammenarbeit nachhaltig verbessert (Beate Br\u00fcggemeier)<\/li>\n<li>Weitere Beitr\u00e4ge von 23 Expert:innen, die <strong>moderne Neurobiologie, Haltung, Methodenvielfalt<\/strong> und <strong>gelebte GFK<\/strong> verbinden.<\/li>\n<\/ul>\n<p><span style=\"font-size: 16px;\">Ideal f\u00fcr alle, die sich den Zugriff auf die Inhalte dauerhaft sichern m\u00f6chten!<\/span><\/p>\n<p><strong>Ein Kongress f\u00fcr alle, die Kommunikation als Schl\u00fcssel zu Verbindung, Klarheit und friedlichem Miteinander begreifen \u2013 fundiert, inspirierend und praxisorientiert.<\/strong><\/p>\n<div><\/div>\n","protected":false},"excerpt":{"rendered":"<p>Entdecken Sie die gesamte Bandbreite der Gewaltfreien Kommunikation von den Grundlagen bis zu fortgeschrittenen Anwendungsfeldern. Erfahren Sie, wie GFK in Partnerschaft, Familie, Erziehung, im beruflichen Umfeld, in Schulen, Kitas, Krankenh\u00e4usern sowie in gesellschaftlichen und politischen Kontexten wirksam eingesetzt werden kann.<\/p>\n","protected":false},"featured_media":8958,"template":"","meta":{"site-sidebar-layout":"default","site-content-layout":"","ast-site-content-layout":"default","site-content-style":"default","site-sidebar-style":"default","ast-global-header-display":"","ast-banner-title-visibility":"","ast-main-header-display":"","ast-hfb-above-header-display":"","ast-hfb-below-header-display":"","ast-hfb-mobile-header-display":"","site-post-title":"","ast-breadcrumbs-content":"","ast-featured-img":"","footer-sml-layout":"","ast-disable-related-posts":"","theme-transparent-header-meta":"default","adv-header-id-meta":"","stick-header-meta":"default","header-above-stick-meta":"","header-main-stick-meta":"","header-below-stick-meta":"","astra-migrate-meta-layouts":"set","ast-page-background-enabled":"default","ast-page-background-meta":{"desktop":{"background-color":"","background-image":"","background-repeat":"repeat","background-position":"center center","background-size":"auto","background-attachment":"scroll","background-type":"","background-media":"","overlay-type":"","overlay-color":"","overlay-opacity":"","overlay-gradient":""},"tablet":{"background-color":"","background-image":"","background-repeat":"repeat","background-position":"center center","background-size":"auto","background-attachment":"scroll","background-type":"","background-media":"","overlay-type":"","overlay-color":"","overlay-opacity":"","overlay-gradient":""},"mobile":{"background-color":"","background-image":"","background-repeat":"repeat","background-position":"center center","background-size":"auto","background-attachment":"scroll","background-type":"","background-media":"","overlay-type":"","overlay-color":"","overlay-opacity":"","overlay-gradient":""}},"ast-content-background-meta":{"desktop":{"background-color":"var(--ast-global-color-5)","background-image":"","background-repeat":"repeat","background-position":"center center","background-size":"auto","background-attachment":"scroll","background-type":"","background-media":"","overlay-type":"","overlay-color":"","overlay-opacity":"","overlay-gradient":""},"tablet":{"background-color":"var(--ast-global-color-5)","background-image":"","background-repeat":"repeat","background-position":"center center","background-size":"auto","background-attachment":"scroll","background-type":"","background-media":"","overlay-type":"","overlay-color":"","overlay-opacity":"","overlay-gradient":""},"mobile":{"background-color":"var(--ast-global-color-5)","background-image":"","background-repeat":"repeat","background-position":"center center","background-size":"auto","background-attachment":"scroll","background-type":"","background-media":"","overlay-type":"","overlay-color":"","overlay-opacity":"","overlay-gradient":""}},"footnotes":""},"product_brand":[],"product_cat":[317],"product_tag":[372,366,373,395,394,422,423],"class_list":{"0":"post-8950","1":"product","2":"type-product","3":"status-publish","4":"has-post-thumbnail","6":"product_cat-kongresspakete","7":"product_tag-beratung","8":"product_tag-beziehungen","9":"product_tag-coaching","10":"product_tag-gewaltfreie-kommunikation","11":"product_tag-gfk","12":"product_tag-kommunikation","13":"product_tag-wertschaetzung","14":"desktop-align-left","15":"tablet-align-left","16":"mobile-align-left","18":"first","19":"instock","20":"virtual","21":"taxable","22":"purchasable","23":"product-type-simple"},"_links":{"self":[{"href":"https:\/\/planetpsy.de\/shop\/wp-json\/wp\/v2\/product\/8950","targetHints":{"allow":["GET"]}}],"collection":[{"href":"https:\/\/planetpsy.de\/shop\/wp-json\/wp\/v2\/product"}],"about":[{"href":"https:\/\/planetpsy.de\/shop\/wp-json\/wp\/v2\/types\/product"}],"version-history":[{"count":13,"href":"https:\/\/planetpsy.de\/shop\/wp-json\/wp\/v2\/product\/8950\/revisions"}],"predecessor-version":[{"id":9619,"href":"https:\/\/planetpsy.de\/shop\/wp-json\/wp\/v2\/product\/8950\/revisions\/9619"}],"wp:featuredmedia":[{"embeddable":true,"href":"https:\/\/planetpsy.de\/shop\/wp-json\/wp\/v2\/media\/8958"}],"wp:attachment":[{"href":"https:\/\/planetpsy.de\/shop\/wp-json\/wp\/v2\/media?parent=8950"}],"wp:term":[{"taxonomy":"product_brand","embeddable":true,"href":"https:\/\/planetpsy.de\/shop\/wp-json\/wp\/v2\/product_brand?post=8950"},{"taxonomy":"product_cat","embeddable":true,"href":"https:\/\/planetpsy.de\/shop\/wp-json\/wp\/v2\/product_cat?post=8950"},{"taxonomy":"product_tag","embeddable":true,"href":"https:\/\/planetpsy.de\/shop\/wp-json\/wp\/v2\/product_tag?post=8950"}],"curies":[{"name":"wp","href":"https:\/\/api.w.org\/{rel}","templated":true}]}}