{"id":9791,"date":"2026-05-07T11:43:52","date_gmt":"2026-05-07T09:43:52","guid":{"rendered":"https:\/\/planetpsy.de\/shop\/?page_id=9791"},"modified":"2026-05-07T11:44:31","modified_gmt":"2026-05-07T09:44:31","slug":"barrierefreiheitserklaerung","status":"publish","type":"page","link":"https:\/\/planetpsy.de\/shop\/barrierefreiheitserklaerung\/","title":{"rendered":"Barrierefreiheitserkl\u00e4rung"},"content":{"rendered":"\t\t<div data-elementor-type=\"wp-page\" data-elementor-id=\"9791\" class=\"elementor elementor-9791\" data-elementor-post-type=\"page\">\n\t\t\t\t<div class=\"elementor-element elementor-element-88efb7e e-flex e-con-boxed e-con e-parent\" data-id=\"88efb7e\" data-element_type=\"container\" data-e-type=\"container\">\n\t\t\t\t\t<div class=\"e-con-inner\">\n\t\t\t\t<div class=\"elementor-element elementor-element-f7babf9 elementor-widget elementor-widget-spacer\" data-id=\"f7babf9\" data-element_type=\"widget\" data-e-type=\"widget\" data-widget_type=\"spacer.default\">\n\t\t\t\t<div class=\"elementor-widget-container\">\n\t\t\t\t\t\t\t<div class=\"elementor-spacer\">\n\t\t\t<div class=\"elementor-spacer-inner\"><\/div>\n\t\t<\/div>\n\t\t\t\t\t\t<\/div>\n\t\t\t\t<\/div>\n\t\t\t\t\t\t\t<h2 \n\t\tdata-interaction-id=\"49a0cba\" \n\t\tclass=\"e-heading-base\" \n\t\t \n\t\tdata-e-type=\"widget\" data-id=\"49a0cba\"\n\t>\n\t\n\t\t\t<strong>Erkl\u00e4rung zur Barrierefreiheit<\/strong>\n\t\t<\/h2>\n\t\t\t\t\t\t\t\t<p class=\"e-fe4fd4c-5540d25 e-paragraph-base\" data-interaction-id=\"fe4fd4c\"  data-e-type=\"widget\" data-id=\"fe4fd4c\">\n\t\t\t\t\t\t\t\tWir (Junfermann Verlag GmbH) als Websitebetreiber sind bem\u00fcht, die Website in Einklang mit den einschl\u00e4gigen Vorschriften zur Barrierefreiheit zu gestalten. F\u00fcr uns gelten folgende Rechtsvorschriften:Gesetz des Landes Nordrhein-Westfalen zur Gleichstellung von Menschen mit Behinderung (Behindertengleichstellungsgesetz Nordrhein-Westfalen \u2013 BGG NRW) und Barrierefreie-Informationstechnik-Verordnung Nordrhein-Westfalen (BITVNRW)\n\t\t\t\t\t<\/p>\n\t\t\t\t\t\t\t<h4 \n\t\tdata-interaction-id=\"81aa6c9\" \n\t\tclass=\"e-heading-base\" \n\t\t \n\t\tdata-e-type=\"widget\" data-id=\"81aa6c9\"\n\t>\n\t\n\t\t\tWebsite\n\t\t<\/h4>\n\t\t\t\t\t\t\t\t<p class=\"e-e751ff3-2dbddfc e-paragraph-base\" data-interaction-id=\"e751ff3\"  data-e-type=\"widget\" data-id=\"e751ff3\">\n\t\t\t\t\t\t\t\tDiese Erkl\u00e4rung zur Barrierefreiheit gilt f\u00fcr die Website&nbsp;<a target=\"_blank\" href=\"http:\/\/ttps\/\/planetpsy.de\/\">https:\/\/planetpsy.de\/<\/a>shop \n\t\t\t\t\t<\/p>\n\t\t\t\t\t\t\t<h4 \n\t\tdata-interaction-id=\"254b306\" \n\t\tclass=\"e-heading-base\" \n\t\t \n\t\tdata-e-type=\"widget\" data-id=\"254b306\"\n\t>\n\t\n\t\t\t<strong>Ver\u00f6ffentlichungsdatum der Website<\/strong><br>\n\t\t<\/h4>\n\t\t\t\t\t\t\t\t<p class=\"e-a9b8889-48273fa e-paragraph-base\" data-interaction-id=\"a9b8889\"  data-e-type=\"widget\" data-id=\"a9b8889\">\n\t\t\t\t\t\t\t\tDiese Website wurde am 07.05.2026 ver\u00f6ffentlicht.\n\t\t\t\t\t<\/p>\n\t\t\t\t\t\t\t<h4 \n\t\tdata-interaction-id=\"2c969f0\" \n\t\tclass=\"e-heading-base\" \n\t\t \n\t\tdata-e-type=\"widget\" data-id=\"2c969f0\"\n\t>\n\t\n\t\t\t<strong>Feedback und Kontaktangaben<\/strong>\n\t\t<\/h4>\n\t\t\t\t\t\t\t\t<p class=\"e-d73c9ea-37ab285 e-paragraph-base\" data-interaction-id=\"d73c9ea\"  data-e-type=\"widget\" data-id=\"d73c9ea\">\n\t\t\t\t\t\t\t\tSind Ihnen M\u00e4ngel beim barrierefreien Zugang zu Inhalten auf unserer Website aufgefallen oder haben Sie Anmerkungen sowie Fragen zum barrierefreien Zugang? Melden Sie sich gerne bei uns unter:<br><br>Junfermann Verlag GmbH<br>Driburger Stra\u00dfe 24 d<br>33100 PaderbornTel.: 05251 \u2013 13 44 11<br>Fax: 05251 \u2013 13 44 44<br>E-Mail: info@planetpsy.de\n\t\t\t\t\t<\/p>\n\t\t\t\t\t\t\t<h4 \n\t\tdata-interaction-id=\"9183e5d\" \n\t\tclass=\"e-heading-base\" \n\t\t \n\t\tdata-e-type=\"widget\" data-id=\"9183e5d\"\n\t>\n\t\n\t\t\t<strong>Stand der Vereinbarkeit mit den Anforderungen<\/strong>\n\t\t<\/h4>\n\t\t\t\t\t\t\t\t<p class=\"e-5ea1f96-c9b1226 e-paragraph-base\" data-interaction-id=\"5ea1f96\"  data-e-type=\"widget\" data-id=\"5ea1f96\">\n\t\t\t\t\t\t\t\tDiese Website ist vollst\u00e4ndig mit den f\u00fcr uns geltenden Vorschriften zur Barrierefreiheit vereinbar.<br>\n\t\t\t\t\t<\/p>\n\t\t\t\t\t\t\t<h4 \n\t\tdata-interaction-id=\"24455cc\" \n\t\tclass=\"e-heading-base\" \n\t\t \n\t\tdata-e-type=\"widget\" data-id=\"24455cc\"\n\t>\n\t\n\t\t\t<strong>Evaluationsmethode<\/strong>\n\t\t<\/h4>\n\t\t\t\t\t\t\t\t<p class=\"e-be2eafe-e3055f1 e-paragraph-base\" data-interaction-id=\"be2eafe\"  data-e-type=\"widget\" data-id=\"be2eafe\">\n\t\t\t\t\t\t\t\tPr\u00fcfung nach WCAG 2.2 AAA Kriterien durch die code-x GmbH\n\t\t\t\t\t<\/p>\n\t\t\t\t\t\t\t<h4 \n\t\tdata-interaction-id=\"017d792\" \n\t\tclass=\"e-heading-base\" \n\t\t \n\t\tdata-e-type=\"widget\" data-id=\"017d792\"\n\t>\n\t\n\t\t\t<strong>Weitergehende Ma\u00dfnahmen zur Verbesserung des barrierefreien Zugangs zu unserer Website<\/strong>\n\t\t<\/h4>\n\t\t\t\t\t\t\t\t<p class=\"e-40c73c0-df35bc5 e-paragraph-base\" data-interaction-id=\"40c73c0\"  data-e-type=\"widget\" data-id=\"40c73c0\">\n\t\t\t\t\t\t\t\tWir bem\u00fchen uns stets um die Verbesserung der barrierefreien Zugangsm\u00f6glichkeiten zu unserer Website. Derzeit tun wir hierzu Folgendes:1. Erm\u00f6glichen der Navigation durch verschiedene Peripherie. Strukturierung der Website und f\u00fcr ScreenReader. Grunds\u00e4tzliche Anpassung der Kontraste. Erstellung und Pflege von Bildbeschreibungen (Alt-Tags)2. Einstellungen f\u00fcr Nutzerinnen und Nutzer um Kontraste, Schriftgr\u00f6\u00dfen etc. auf ihre Bed\u00fcrfnisse anzupassen.<br>\n\t\t\t\t\t<\/p>\n\t\t\t\t\t\t\t<h4 \n\t\tdata-interaction-id=\"abf6cb2\" \n\t\tclass=\"e-heading-base\" \n\t\t \n\t\tdata-e-type=\"widget\" data-id=\"abf6cb2\"\n\t>\n\t\n\t\t\t<strong>Durchsetzungsverfahren<\/strong>\n\t\t<\/h4>\n\t\t\t\t\t\t\t\t<p class=\"e-9123cec-6fae8bc e-paragraph-base\" data-interaction-id=\"9123cec\"  data-e-type=\"widget\" data-id=\"9123cec\">\n\t\t\t\t\t\t\t\tSollten Sie der Ansicht sein, dass Sie durch eine nicht ausreichende barrierefreie Gestaltung unserer Website benachteiligt sind, k\u00f6nnen Sie sich an die zust\u00e4ndige Durchsetzungsstelle wenden. Diese erreichen Sie unter:<br><br>Ombudsstelle f\u00fcr barrierefreie Informationstechnik des Landes Nordrhein-Westfalen bei der Landesbeauftragten f\u00fcr Menschen mit Behinderungen<br>F\u00fcrstenwall 25<br>40219 D\u00fcsseldorf<br>E-Mail:&nbsp;<a target=\"_blank\" href=\"mailto:ombudsstelle-barrierefreie-it@mags.nrw.de\">ombudsstelle-barrierefreie-it@mags.nrw.de<\/a>\n\t\t\t\t\t<\/p>\n\t\t\t\t\t\t\t<h4 \n\t\tdata-interaction-id=\"2f5da86\" \n\t\tclass=\"e-heading-base\" \n\t\t \n\t\tdata-e-type=\"widget\" data-id=\"2f5da86\"\n\t>\n\t\n\t\t\t<strong>Durchsetzungsverfahren<\/strong>\n\t\t<\/h4>\n\t\t\t\t\t\t\t\t<p class=\"e-paragraph-base\" data-interaction-id=\"8591041\"  data-e-type=\"widget\" data-id=\"8591041\">\n\t\t\t\t\t\t\t\tDiese Erkl\u00e4rung wurde am 07.05.2026 erstellt. Die Erkl\u00e4rung wurde zuletzt am 07.05.2026 \u00fcberpr\u00fcft.\n\t\t\t\t\t<\/p>\n\t\t\t\t\t<\/div>\n\t\t\t\t<\/div>\n\t\t\t\t<\/div>\n\t\t","protected":false},"excerpt":{"rendered":"<p>Erkl\u00e4rung zur Barrierefreiheit Wir (Junfermann Verlag GmbH) als Websitebetreiber sind bem\u00fcht, die Website in Einklang mit den einschl\u00e4gigen Vorschriften zur Barrierefreiheit zu gestalten. F\u00fcr uns gelten folgende Rechtsvorschriften:Gesetz des Landes Nordrhein-Westfalen zur Gleichstellung von Menschen mit Behinderung (Behindertengleichstellungsgesetz Nordrhein-Westfalen \u2013 BGG NRW) und Barrierefreie-Informationstechnik-Verordnung Nordrhein-Westfalen (BITVNRW) Website Diese Erkl\u00e4rung zur Barrierefreiheit gilt f\u00fcr die Website&nbsp;https:\/\/planetpsy.de\/shop [&hellip;]<\/p>\n","protected":false},"author":30,"featured_media":0,"parent":0,"menu_order":0,"comment_status":"closed","ping_status":"closed","template":"","meta":{"site-sidebar-layout":"no-sidebar","site-content-layout":"page-builder","ast-site-content-layout":"full-width-container","site-content-style":"default","site-sidebar-style":"default","ast-global-header-display":"","ast-banner-title-visibility":"","ast-main-header-display":"","ast-hfb-above-header-display":"","ast-hfb-below-header-display":"","ast-hfb-mobile-header-display":"","site-post-title":"","ast-breadcrumbs-content":"","ast-featured-img":"disabled","footer-sml-layout":"","ast-disable-related-posts":"","theme-transparent-header-meta":"","adv-header-id-meta":"","stick-header-meta":"","header-above-stick-meta":"","header-main-stick-meta":"","header-below-stick-meta":"","astra-migrate-meta-layouts":"set","ast-page-background-enabled":"default","ast-page-background-meta":{"desktop":{"background-color":"","background-image":"","background-repeat":"repeat","background-position":"center center","background-size":"auto","background-attachment":"scroll","background-type":"","background-media":"","overlay-type":"","overlay-color":"","overlay-opacity":"","overlay-gradient":""},"tablet":{"background-color":"","background-image":"","background-repeat":"repeat","background-position":"center center","background-size":"auto","background-attachment":"scroll","background-type":"","background-media":"","overlay-type":"","overlay-color":"","overlay-opacity":"","overlay-gradient":""},"mobile":{"background-color":"","background-image":"","background-repeat":"repeat","background-position":"center center","background-size":"auto","background-attachment":"scroll","background-type":"","background-media":"","overlay-type":"","overlay-color":"","overlay-opacity":"","overlay-gradient":""}},"ast-content-background-meta":{"desktop":{"background-color":"var(--ast-global-color-5)","background-image":"","background-repeat":"repeat","background-position":"center center","background-size":"auto","background-attachment":"scroll","background-type":"","background-media":"","overlay-type":"","overlay-color":"","overlay-opacity":"","overlay-gradient":""},"tablet":{"background-color":"var(--ast-global-color-5)","background-image":"","background-repeat":"repeat","background-position":"center center","background-size":"auto","background-attachment":"scroll","background-type":"","background-media":"","overlay-type":"","overlay-color":"","overlay-opacity":"","overlay-gradient":""},"mobile":{"background-color":"var(--ast-global-color-5)","background-image":"","background-repeat":"repeat","background-position":"center center","background-size":"auto","background-attachment":"scroll","background-type":"","background-media":"","overlay-type":"","overlay-color":"","overlay-opacity":"","overlay-gradient":""}},"footnotes":""},"class_list":["post-9791","page","type-page","status-publish","hentry"],"_links":{"self":[{"href":"https:\/\/planetpsy.de\/shop\/wp-json\/wp\/v2\/pages\/9791","targetHints":{"allow":["GET"]}}],"collection":[{"href":"https:\/\/planetpsy.de\/shop\/wp-json\/wp\/v2\/pages"}],"about":[{"href":"https:\/\/planetpsy.de\/shop\/wp-json\/wp\/v2\/types\/page"}],"author":[{"embeddable":true,"href":"https:\/\/planetpsy.de\/shop\/wp-json\/wp\/v2\/users\/30"}],"replies":[{"embeddable":true,"href":"https:\/\/planetpsy.de\/shop\/wp-json\/wp\/v2\/comments?post=9791"}],"version-history":[{"count":4,"href":"https:\/\/planetpsy.de\/shop\/wp-json\/wp\/v2\/pages\/9791\/revisions"}],"predecessor-version":[{"id":9795,"href":"https:\/\/planetpsy.de\/shop\/wp-json\/wp\/v2\/pages\/9791\/revisions\/9795"}],"wp:attachment":[{"href":"https:\/\/planetpsy.de\/shop\/wp-json\/wp\/v2\/media?parent=9791"}],"curies":[{"name":"wp","href":"https:\/\/api.w.org\/{rel}","templated":true}]}}