{"id":9645,"date":"2026-05-05T13:43:47","date_gmt":"2026-05-05T11:43:47","guid":{"rendered":"https:\/\/planetpsy.de\/shop\/impressum\/"},"modified":"2026-05-07T10:51:18","modified_gmt":"2026-05-07T08:51:18","slug":"impressum","status":"publish","type":"page","link":"https:\/\/planetpsy.de\/shop\/impressum\/","title":{"rendered":"Impressum"},"content":{"rendered":"\t\t<div data-elementor-type=\"wp-page\" data-elementor-id=\"9645\" class=\"elementor elementor-9645\" data-elementor-post-type=\"page\">\n\t\t\t\t<div class=\"elementor-element elementor-element-585d66c e-flex e-con-boxed e-con e-parent\" data-id=\"585d66c\" data-element_type=\"container\" data-e-type=\"container\">\n\t\t\t\t\t<div class=\"e-con-inner\">\n\t\t\t\t<div class=\"elementor-element elementor-element-8fd289d elementor-widget elementor-widget-text-editor\" data-id=\"8fd289d\" data-element_type=\"widget\" data-e-type=\"widget\" data-widget_type=\"text-editor.default\">\n\t\t\t\t<div class=\"elementor-widget-container\">\n\t\t\t\t\t\t\t\t\t<p><strong>PlanetPsy<\/strong> ist eine Plattform der Verlage <a href=\"https:\/\/www.junfermann.de\">Junfermann<\/a>, <a href=\"https:\/\/www.klett-cotta.de\/fachbuecher\">Klett-Cotta und Schattauer<\/a>.<\/p><h5>Verantwortlich im Sinne des Presserechts, des Datenschutzrechts sowie Diensteanbieter:<\/h5><p><strong>Junfermann Verlag GmbH<\/strong><br \/>Driburger Stra\u00dfe 24 d<br \/>33100 Paderborn<\/p><p>Tel.: 05251 \u2013 13 44 11<br \/>Fax: 05251 \u2013 13 44 44<br \/>E-Mail: info@planetpsy.de<\/p><p><strong>Gesch\u00e4ftsf\u00fchrer: Dr. Stephan Dietrich<\/strong><\/p><p>Sitz: Paderborn, HRB 257 AG Paderborn<br \/>Gesch\u00e4ftsf\u00fchrer: Dr. Stephan Dietrich<br \/>Umsatzsteueridentifikationsnummer: DE280516097<\/p><h5>Online-Streitbeilegung gem\u00e4\u00df Art. 14 Abs. 1 ODR-Verordnung<\/h5><p>Die Europ\u00e4ische Kommission stellt eine Plattform zur Online-Streitbeilegung bereit, die sie unter www.ec.europa.eu\/consumers\/odr finden.<br \/>Unsere E-Mail-Adresse lautet infoteam@junfermann.de.<br \/>Wir nehmen an einem Streitbeilegungsverfahren vor einer Verbraucherschlichtungsstelle nicht teil.<\/p><h5>Verantwortlich f\u00fcr den Inhalt<\/h5><p>Junfermann Verlag GmbH<br \/>Driburger Stra\u00dfe 24 d<br \/>33100 Paderborn<\/p><p>Wir behalten uns eine Benutzung des Werkes f\u00fcr Text und Data Mining i.S.v. \u00a7 44b UrhG vor.<\/p><h5>Unsere Bankverbindung<\/h5><p>IBAN: DE65 4724 0047 0629 6164 00<br \/>BIC: COBADEFFXXX<br \/>Commerzbank Paderborn<\/p><h5>Haftungsausschluss<\/h5><p>Trotz sorgf\u00e4ltiger inhaltlicher Kontrolle \u00fcbernehmen wir keine Haftung f\u00fcr die Inhalte externer Links. Diese Erkl\u00e4rung gilt f\u00fcr alle auf www.selfcare-kongress.de angebrachten Links. F\u00fcr den Inhalt der verlinkten Seiten sind ausschlie\u00dflich deren Betreiber verantwortlich. Herausgeber und Redaktion \u00fcbernehmen keinerlei Haftung f\u00fcr die dort angebotenen Informationen.<\/p><h5>Inhalt und Konzeption<\/h5><p>Junfermann Verlag GmbH, Paderborn<\/p><h5>Technisches Konzept, Design und Realisierung der Website<\/h5><p>code-x GmbH<br \/>https:\/\/code-x.de\/<\/p><h5>Bildnachweis<\/h5><p>Call-to-action Hintergr\u00fcnde:<\/p><p><strong>istockphoto.com: <\/strong>Danilo Andju, Harbucks, jacoblund, MStudioImages<\/p><p><strong>unsplash.com:<\/strong> <a href=\"https:\/\/unsplash.com\/de\/fotos\/5QgIuuBxKwM\">Headway<\/a>, <a href=\"https:\/\/unsplash.com\/de\/fotos\/pMl6deh3njo\">Standsome Worklifestyle<\/a><\/p><div>\u00a0<\/div>\t\t\t\t\t\t\t\t<\/div>\n\t\t\t\t<\/div>\n\t\t\t\t\t<\/div>\n\t\t\t\t<\/div>\n\t\t\t\t<\/div>\n\t\t","protected":false},"excerpt":{"rendered":"<p>PlanetPsy ist eine Plattform der Verlage Junfermann, Klett-Cotta und Schattauer. Verantwortlich im Sinne des Presserechts, des Datenschutzrechts sowie Diensteanbieter: Junfermann Verlag GmbHDriburger Stra\u00dfe 24 d33100 Paderborn Tel.: 05251 \u2013 13 44 11Fax: 05251 \u2013 13 44 44E-Mail: info@planetpsy.de Gesch\u00e4ftsf\u00fchrer: Dr. Stephan Dietrich Sitz: Paderborn, HRB 257 AG PaderbornGesch\u00e4ftsf\u00fchrer: Dr. Stephan DietrichUmsatzsteueridentifikationsnummer: DE280516097 Online-Streitbeilegung gem\u00e4\u00df Art. [&hellip;]<\/p>\n","protected":false},"author":1,"featured_media":0,"parent":0,"menu_order":0,"comment_status":"closed","ping_status":"closed","template":"","meta":{"site-sidebar-layout":"default","site-content-layout":"","ast-site-content-layout":"default","site-content-style":"default","site-sidebar-style":"default","ast-global-header-display":"","ast-banner-title-visibility":"","ast-main-header-display":"","ast-hfb-above-header-display":"","ast-hfb-below-header-display":"","ast-hfb-mobile-header-display":"","site-post-title":"disabled","ast-breadcrumbs-content":"","ast-featured-img":"","footer-sml-layout":"","ast-disable-related-posts":"","theme-transparent-header-meta":"","adv-header-id-meta":"","stick-header-meta":"","header-above-stick-meta":"","header-main-stick-meta":"","header-below-stick-meta":"","astra-migrate-meta-layouts":"default","ast-page-background-enabled":"default","ast-page-background-meta":{"desktop":{"background-color":"","background-image":"","background-repeat":"repeat","background-position":"center center","background-size":"auto","background-attachment":"scroll","background-type":"","background-media":"","overlay-type":"","overlay-color":"","overlay-opacity":"","overlay-gradient":""},"tablet":{"background-color":"","background-image":"","background-repeat":"repeat","background-position":"center center","background-size":"auto","background-attachment":"scroll","background-type":"","background-media":"","overlay-type":"","overlay-color":"","overlay-opacity":"","overlay-gradient":""},"mobile":{"background-color":"","background-image":"","background-repeat":"repeat","background-position":"center center","background-size":"auto","background-attachment":"scroll","background-type":"","background-media":"","overlay-type":"","overlay-color":"","overlay-opacity":"","overlay-gradient":""}},"ast-content-background-meta":{"desktop":{"background-color":"var(--ast-global-color-5)","background-image":"","background-repeat":"repeat","background-position":"center center","background-size":"auto","background-attachment":"scroll","background-type":"","background-media":"","overlay-type":"","overlay-color":"","overlay-opacity":"","overlay-gradient":""},"tablet":{"background-color":"var(--ast-global-color-5)","background-image":"","background-repeat":"repeat","background-position":"center center","background-size":"auto","background-attachment":"scroll","background-type":"","background-media":"","overlay-type":"","overlay-color":"","overlay-opacity":"","overlay-gradient":""},"mobile":{"background-color":"var(--ast-global-color-5)","background-image":"","background-repeat":"repeat","background-position":"center center","background-size":"auto","background-attachment":"scroll","background-type":"","background-media":"","overlay-type":"","overlay-color":"","overlay-opacity":"","overlay-gradient":""}},"footnotes":""},"class_list":["post-9645","page","type-page","status-publish","hentry"],"_links":{"self":[{"href":"https:\/\/planetpsy.de\/shop\/wp-json\/wp\/v2\/pages\/9645","targetHints":{"allow":["GET"]}}],"collection":[{"href":"https:\/\/planetpsy.de\/shop\/wp-json\/wp\/v2\/pages"}],"about":[{"href":"https:\/\/planetpsy.de\/shop\/wp-json\/wp\/v2\/types\/page"}],"author":[{"embeddable":true,"href":"https:\/\/planetpsy.de\/shop\/wp-json\/wp\/v2\/users\/1"}],"replies":[{"embeddable":true,"href":"https:\/\/planetpsy.de\/shop\/wp-json\/wp\/v2\/comments?post=9645"}],"version-history":[{"count":4,"href":"https:\/\/planetpsy.de\/shop\/wp-json\/wp\/v2\/pages\/9645\/revisions"}],"predecessor-version":[{"id":9752,"href":"https:\/\/planetpsy.de\/shop\/wp-json\/wp\/v2\/pages\/9645\/revisions\/9752"}],"wp:attachment":[{"href":"https:\/\/planetpsy.de\/shop\/wp-json\/wp\/v2\/media?parent=9645"}],"curies":[{"name":"wp","href":"https:\/\/api.w.org\/{rel}","templated":true}]}}